{"id":31180,"date":"2026-05-05T20:31:39","date_gmt":"2026-05-05T20:31:39","guid":{"rendered":"https:\/\/elshan.az\/?post_type=product&#038;p=31180"},"modified":"2026-05-05T20:49:45","modified_gmt":"2026-05-05T20:49:45","slug":"meyveli-ingilis-keksi","status":"publish","type":"product","link":"https:\/\/elshan.az\/en\/product\/meyveli-ingilis-keksi\/","title":{"rendered":"Meyv\u0259li ingilis keksi"},"content":{"rendered":"","protected":false},"excerpt":{"rendered":"<p>Yum\u015faql\u0131\u011f\u0131 v\u0259 z\u0259ngin dad\u0131 il\u0259 haz\u0131rlanm\u0131\u015f keksl\u0259rimiz \u00e7ay s\u00fcfr\u0259sinin ideal se\u00e7imidir<\/p>","protected":false},"featured_media":31183,"comment_status":"open","ping_status":"closed","template":"","meta":[],"product_brand":[],"product_cat":[90],"product_tag":[],"class_list":{"0":"post-31180","1":"product","2":"type-product","3":"status-publish","4":"has-post-thumbnail","6":"product_cat-keks","8":"first","9":"instock","10":"shipping-taxable","11":"product-type-simple"},"_links":{"self":[{"href":"https:\/\/elshan.az\/en\/wp-json\/wp\/v2\/product\/31180","targetHints":{"allow":["GET"]}}],"collection":[{"href":"https:\/\/elshan.az\/en\/wp-json\/wp\/v2\/product"}],"about":[{"href":"https:\/\/elshan.az\/en\/wp-json\/wp\/v2\/types\/product"}],"replies":[{"embeddable":true,"href":"https:\/\/elshan.az\/en\/wp-json\/wp\/v2\/comments?post=31180"}],"version-history":[{"count":3,"href":"https:\/\/elshan.az\/en\/wp-json\/wp\/v2\/product\/31180\/revisions"}],"predecessor-version":[{"id":31400,"href":"https:\/\/elshan.az\/en\/wp-json\/wp\/v2\/product\/31180\/revisions\/31400"}],"wp:featuredmedia":[{"embeddable":true,"href":"https:\/\/elshan.az\/en\/wp-json\/wp\/v2\/media\/31183"}],"wp:attachment":[{"href":"https:\/\/elshan.az\/en\/wp-json\/wp\/v2\/media?parent=31180"}],"wp:term":[{"taxonomy":"product_brand","embeddable":true,"href":"https:\/\/elshan.az\/en\/wp-json\/wp\/v2\/product_brand?post=31180"},{"taxonomy":"product_cat","embeddable":true,"href":"https:\/\/elshan.az\/en\/wp-json\/wp\/v2\/product_cat?post=31180"},{"taxonomy":"product_tag","embeddable":true,"href":"https:\/\/elshan.az\/en\/wp-json\/wp\/v2\/product_tag?post=31180"}],"curies":[{"name":"wp","href":"https:\/\/api.w.org\/{rel}","templated":true}]}}