{"id":31063,"date":"2026-05-05T10:57:39","date_gmt":"2026-05-05T10:57:39","guid":{"rendered":"https:\/\/elshan.az\/?post_type=product&#038;p=31063"},"modified":"2026-05-05T20:49:44","modified_gmt":"2026-05-05T20:49:44","slug":"ir%c9%99van-k%c9%99t%c9%99si","status":"publish","type":"product","link":"https:\/\/elshan.az\/en\/product\/ir%c9%99van-k%c9%99t%c9%99si\/","title":{"rendered":"\u0130r\u0259van k\u0259t\u0259si"},"content":{"rendered":"","protected":false},"excerpt":{"rendered":"<p>G\u00fcnd\u0259lik t\u0259z\u0259 bi\u015firil\u0259n, keyfiyy\u0259tli inqrediyentl\u0259rl\u0259 haz\u0131rlanm\u0131\u015f mayal\u0131 m\u0259hsullar.<\/p>","protected":false},"featured_media":31064,"comment_status":"closed","ping_status":"closed","template":"","meta":[],"product_brand":[],"product_cat":[83],"product_tag":[],"class_list":{"0":"post-31063","1":"product","2":"type-product","3":"status-publish","4":"has-post-thumbnail","6":"product_cat-mayali-mhsul","8":"first","9":"instock","10":"shipping-taxable","11":"product-type-simple"},"_links":{"self":[{"href":"https:\/\/elshan.az\/en\/wp-json\/wp\/v2\/product\/31063","targetHints":{"allow":["GET"]}}],"collection":[{"href":"https:\/\/elshan.az\/en\/wp-json\/wp\/v2\/product"}],"about":[{"href":"https:\/\/elshan.az\/en\/wp-json\/wp\/v2\/types\/product"}],"replies":[{"embeddable":true,"href":"https:\/\/elshan.az\/en\/wp-json\/wp\/v2\/comments?post=31063"}],"version-history":[{"count":2,"href":"https:\/\/elshan.az\/en\/wp-json\/wp\/v2\/product\/31063\/revisions"}],"predecessor-version":[{"id":31394,"href":"https:\/\/elshan.az\/en\/wp-json\/wp\/v2\/product\/31063\/revisions\/31394"}],"wp:featuredmedia":[{"embeddable":true,"href":"https:\/\/elshan.az\/en\/wp-json\/wp\/v2\/media\/31064"}],"wp:attachment":[{"href":"https:\/\/elshan.az\/en\/wp-json\/wp\/v2\/media?parent=31063"}],"wp:term":[{"taxonomy":"product_brand","embeddable":true,"href":"https:\/\/elshan.az\/en\/wp-json\/wp\/v2\/product_brand?post=31063"},{"taxonomy":"product_cat","embeddable":true,"href":"https:\/\/elshan.az\/en\/wp-json\/wp\/v2\/product_cat?post=31063"},{"taxonomy":"product_tag","embeddable":true,"href":"https:\/\/elshan.az\/en\/wp-json\/wp\/v2\/product_tag?post=31063"}],"curies":[{"name":"wp","href":"https:\/\/api.w.org\/{rel}","templated":true}]}}