{"id":31030,"date":"2026-05-05T10:33:10","date_gmt":"2026-05-05T10:33:10","guid":{"rendered":"https:\/\/elshan.az\/?post_type=product&#038;p=31030"},"modified":"2026-05-05T20:49:44","modified_gmt":"2026-05-05T20:49:44","slug":"kesmikli-banan","status":"publish","type":"product","link":"https:\/\/elshan.az\/en\/product\/kesmikli-banan\/","title":{"rendered":"K\u0259smikli banan"},"content":{"rendered":"","protected":false},"excerpt":{"rendered":"<p>T\u0259z\u0259 haz\u0131rlanm\u0131\u015f, x\u0131rt\u0131ldayan v\u0259 l\u0259zz\u0259tli pe\u00e7enye \u00e7e\u015fidl\u0259ri.<\/p>","protected":false},"featured_media":31032,"comment_status":"closed","ping_status":"closed","template":"","meta":[],"product_brand":[],"product_cat":[101],"product_tag":[],"class_list":{"0":"post-31030","1":"product","2":"type-product","3":"status-publish","4":"has-post-thumbnail","6":"product_cat-pecenye","8":"first","9":"instock","10":"shipping-taxable","11":"product-type-simple"},"_links":{"self":[{"href":"https:\/\/elshan.az\/en\/wp-json\/wp\/v2\/product\/31030","targetHints":{"allow":["GET"]}}],"collection":[{"href":"https:\/\/elshan.az\/en\/wp-json\/wp\/v2\/product"}],"about":[{"href":"https:\/\/elshan.az\/en\/wp-json\/wp\/v2\/types\/product"}],"replies":[{"embeddable":true,"href":"https:\/\/elshan.az\/en\/wp-json\/wp\/v2\/comments?post=31030"}],"version-history":[{"count":3,"href":"https:\/\/elshan.az\/en\/wp-json\/wp\/v2\/product\/31030\/revisions"}],"predecessor-version":[{"id":31392,"href":"https:\/\/elshan.az\/en\/wp-json\/wp\/v2\/product\/31030\/revisions\/31392"}],"wp:featuredmedia":[{"embeddable":true,"href":"https:\/\/elshan.az\/en\/wp-json\/wp\/v2\/media\/31032"}],"wp:attachment":[{"href":"https:\/\/elshan.az\/en\/wp-json\/wp\/v2\/media?parent=31030"}],"wp:term":[{"taxonomy":"product_brand","embeddable":true,"href":"https:\/\/elshan.az\/en\/wp-json\/wp\/v2\/product_brand?post=31030"},{"taxonomy":"product_cat","embeddable":true,"href":"https:\/\/elshan.az\/en\/wp-json\/wp\/v2\/product_cat?post=31030"},{"taxonomy":"product_tag","embeddable":true,"href":"https:\/\/elshan.az\/en\/wp-json\/wp\/v2\/product_tag?post=31030"}],"curies":[{"name":"wp","href":"https:\/\/api.w.org\/{rel}","templated":true}]}}