{"id":30901,"date":"2026-05-04T17:32:03","date_gmt":"2026-05-04T17:32:03","guid":{"rendered":"https:\/\/elshan.az\/?post_type=product&#038;p=30901"},"modified":"2026-05-05T20:49:43","modified_gmt":"2026-05-05T20:49:43","slug":"bor%c9%99k","status":"publish","type":"product","link":"https:\/\/elshan.az\/en\/product\/bor%c9%99k\/","title":{"rendered":"B\u00f6r\u0259k"},"content":{"rendered":"","protected":false},"excerpt":{"rendered":"<p>S\u00fcr\u0259tli, dadl\u0131 v\u0259 doyumlu fast food m\u0259hsullar\u0131 h\u0259r an \u00fc\u00e7\u00fcn haz\u0131rd\u0131r.<\/p>","protected":false},"featured_media":30900,"comment_status":"closed","ping_status":"closed","template":"","meta":[],"product_brand":[],"product_cat":[99],"product_tag":[],"class_list":{"0":"post-30901","1":"product","2":"type-product","3":"status-publish","4":"has-post-thumbnail","6":"product_cat-fast-food-2","8":"first","9":"instock","10":"shipping-taxable","11":"product-type-simple"},"_links":{"self":[{"href":"https:\/\/elshan.az\/en\/wp-json\/wp\/v2\/product\/30901","targetHints":{"allow":["GET"]}}],"collection":[{"href":"https:\/\/elshan.az\/en\/wp-json\/wp\/v2\/product"}],"about":[{"href":"https:\/\/elshan.az\/en\/wp-json\/wp\/v2\/types\/product"}],"replies":[{"embeddable":true,"href":"https:\/\/elshan.az\/en\/wp-json\/wp\/v2\/comments?post=30901"}],"version-history":[{"count":2,"href":"https:\/\/elshan.az\/en\/wp-json\/wp\/v2\/product\/30901\/revisions"}],"predecessor-version":[{"id":31387,"href":"https:\/\/elshan.az\/en\/wp-json\/wp\/v2\/product\/30901\/revisions\/31387"}],"wp:featuredmedia":[{"embeddable":true,"href":"https:\/\/elshan.az\/en\/wp-json\/wp\/v2\/media\/30900"}],"wp:attachment":[{"href":"https:\/\/elshan.az\/en\/wp-json\/wp\/v2\/media?parent=30901"}],"wp:term":[{"taxonomy":"product_brand","embeddable":true,"href":"https:\/\/elshan.az\/en\/wp-json\/wp\/v2\/product_brand?post=30901"},{"taxonomy":"product_cat","embeddable":true,"href":"https:\/\/elshan.az\/en\/wp-json\/wp\/v2\/product_cat?post=30901"},{"taxonomy":"product_tag","embeddable":true,"href":"https:\/\/elshan.az\/en\/wp-json\/wp\/v2\/product_tag?post=30901"}],"curies":[{"name":"wp","href":"https:\/\/api.w.org\/{rel}","templated":true}]}}