{"id":30798,"date":"2026-05-01T16:53:04","date_gmt":"2026-05-01T16:53:04","guid":{"rendered":"https:\/\/elshan.az\/?post_type=product&#038;p=30798"},"modified":"2026-05-05T20:49:42","modified_gmt":"2026-05-05T20:49:42","slug":"quba-paxlavasi","status":"publish","type":"product","link":"https:\/\/elshan.az\/en\/product\/quba-paxlavasi\/","title":{"rendered":"Quba paxlavas\u0131"},"content":{"rendered":"<p>Klassik Az\u0259rbaycan paxlavas\u0131; bol qoz l\u0259p\u0259si v\u0259 z\u0259f\u0259ran \u0259tri il\u0259.<\/p>","protected":false},"excerpt":{"rendered":"<p>\u018fn\u0259n\u0259vi \u00fcsullarla haz\u0131rlanm\u0131\u015f, z\u0259ngin v\u0259 \u015firin dad\u0131 il\u0259 se\u00e7il\u0259n paxlava n\u00f6vl\u0259ri.<\/p>","protected":false},"featured_media":30775,"comment_status":"closed","ping_status":"closed","template":"","meta":[],"product_brand":[],"product_cat":[100],"product_tag":[],"class_list":{"0":"post-30798","1":"product","2":"type-product","3":"status-publish","4":"has-post-thumbnail","6":"product_cat-paxlava","8":"first","9":"instock","10":"virtual","11":"product-type-simple"},"_links":{"self":[{"href":"https:\/\/elshan.az\/en\/wp-json\/wp\/v2\/product\/30798","targetHints":{"allow":["GET"]}}],"collection":[{"href":"https:\/\/elshan.az\/en\/wp-json\/wp\/v2\/product"}],"about":[{"href":"https:\/\/elshan.az\/en\/wp-json\/wp\/v2\/types\/product"}],"replies":[{"embeddable":true,"href":"https:\/\/elshan.az\/en\/wp-json\/wp\/v2\/comments?post=30798"}],"version-history":[{"count":2,"href":"https:\/\/elshan.az\/en\/wp-json\/wp\/v2\/product\/30798\/revisions"}],"predecessor-version":[{"id":31383,"href":"https:\/\/elshan.az\/en\/wp-json\/wp\/v2\/product\/30798\/revisions\/31383"}],"wp:featuredmedia":[{"embeddable":true,"href":"https:\/\/elshan.az\/en\/wp-json\/wp\/v2\/media\/30775"}],"wp:attachment":[{"href":"https:\/\/elshan.az\/en\/wp-json\/wp\/v2\/media?parent=30798"}],"wp:term":[{"taxonomy":"product_brand","embeddable":true,"href":"https:\/\/elshan.az\/en\/wp-json\/wp\/v2\/product_brand?post=30798"},{"taxonomy":"product_cat","embeddable":true,"href":"https:\/\/elshan.az\/en\/wp-json\/wp\/v2\/product_cat?post=30798"},{"taxonomy":"product_tag","embeddable":true,"href":"https:\/\/elshan.az\/en\/wp-json\/wp\/v2\/product_tag?post=30798"}],"curies":[{"name":"wp","href":"https:\/\/api.w.org\/{rel}","templated":true}]}}