{"id":30529,"date":"2026-05-01T01:53:10","date_gmt":"2026-05-01T01:53:10","guid":{"rendered":"https:\/\/elshan.az\/?post_type=product&#038;p=30529"},"modified":"2026-05-05T20:49:41","modified_gmt":"2026-05-05T20:49:41","slug":"qaymaqli-sokoladli-tort","status":"publish","type":"product","link":"https:\/\/elshan.az\/en\/product\/qaymaqli-sokoladli-tort\/","title":{"rendered":"Qaymaql\u0131 \u015fokoladl\u0131 tort"},"content":{"rendered":"","protected":false},"excerpt":{"rendered":"<p>Y\u00fcks\u0259k keyfiyy\u0259tli inqrediyentl\u0259rl\u0259 haz\u0131rlanm\u0131\u015f, z\u0259rif tort.<\/p>","protected":false},"featured_media":30478,"comment_status":"closed","ping_status":"closed","template":"","meta":[],"product_brand":[],"product_cat":[82],"product_tag":[],"class_list":{"0":"post-30529","1":"product","2":"type-product","3":"status-publish","4":"has-post-thumbnail","6":"product_cat-tort","8":"first","9":"instock","10":"virtual","11":"product-type-simple"},"_links":{"self":[{"href":"https:\/\/elshan.az\/en\/wp-json\/wp\/v2\/product\/30529","targetHints":{"allow":["GET"]}}],"collection":[{"href":"https:\/\/elshan.az\/en\/wp-json\/wp\/v2\/product"}],"about":[{"href":"https:\/\/elshan.az\/en\/wp-json\/wp\/v2\/types\/product"}],"replies":[{"embeddable":true,"href":"https:\/\/elshan.az\/en\/wp-json\/wp\/v2\/comments?post=30529"}],"version-history":[{"count":2,"href":"https:\/\/elshan.az\/en\/wp-json\/wp\/v2\/product\/30529\/revisions"}],"predecessor-version":[{"id":31376,"href":"https:\/\/elshan.az\/en\/wp-json\/wp\/v2\/product\/30529\/revisions\/31376"}],"wp:featuredmedia":[{"embeddable":true,"href":"https:\/\/elshan.az\/en\/wp-json\/wp\/v2\/media\/30478"}],"wp:attachment":[{"href":"https:\/\/elshan.az\/en\/wp-json\/wp\/v2\/media?parent=30529"}],"wp:term":[{"taxonomy":"product_brand","embeddable":true,"href":"https:\/\/elshan.az\/en\/wp-json\/wp\/v2\/product_brand?post=30529"},{"taxonomy":"product_cat","embeddable":true,"href":"https:\/\/elshan.az\/en\/wp-json\/wp\/v2\/product_cat?post=30529"},{"taxonomy":"product_tag","embeddable":true,"href":"https:\/\/elshan.az\/en\/wp-json\/wp\/v2\/product_tag?post=30529"}],"curies":[{"name":"wp","href":"https:\/\/api.w.org\/{rel}","templated":true}]}}