{"id":30224,"date":"2026-04-24T17:37:40","date_gmt":"2026-04-24T17:37:40","guid":{"rendered":"https:\/\/elshan.az\/?post_type=product&#038;p=30224"},"modified":"2026-05-05T20:49:40","modified_gmt":"2026-05-05T20:49:40","slug":"s%c9%99k%c9%99rpar%c9%99-mak-il%c9%99","status":"publish","type":"product","link":"https:\/\/elshan.az\/en\/product\/s%c9%99k%c9%99rpar%c9%99-mak-il%c9%99\/","title":{"rendered":"\u015e\u0259k\u0259rpar\u0259 mak il\u0259"},"content":{"rendered":"<p>\u015e\u0259rb\u0259tli, yum\u015faq v\u0259 \u00fcz\u0259rind\u0259 f\u0131nd\u0131q olan klassik t\u00fcrk deserti.<\/p>","protected":false},"excerpt":{"rendered":"<p>D\u00fcnya m\u0259tb\u0259xind\u0259n ilhamlanan, z\u0259rif dad x\u00fcsusiyy\u0259tl\u0259ri il\u0259 se\u00e7il\u0259n xarici desert.<\/p>","protected":false},"featured_media":31001,"comment_status":"closed","ping_status":"closed","template":"","meta":[],"product_brand":[],"product_cat":[103],"product_tag":[],"class_list":{"0":"post-30224","1":"product","2":"type-product","3":"status-publish","4":"has-post-thumbnail","6":"product_cat-xarici-desert","8":"first","9":"instock","10":"virtual","11":"product-type-simple"},"_links":{"self":[{"href":"https:\/\/elshan.az\/en\/wp-json\/wp\/v2\/product\/30224","targetHints":{"allow":["GET"]}}],"collection":[{"href":"https:\/\/elshan.az\/en\/wp-json\/wp\/v2\/product"}],"about":[{"href":"https:\/\/elshan.az\/en\/wp-json\/wp\/v2\/types\/product"}],"replies":[{"embeddable":true,"href":"https:\/\/elshan.az\/en\/wp-json\/wp\/v2\/comments?post=30224"}],"version-history":[{"count":2,"href":"https:\/\/elshan.az\/en\/wp-json\/wp\/v2\/product\/30224\/revisions"}],"predecessor-version":[{"id":31368,"href":"https:\/\/elshan.az\/en\/wp-json\/wp\/v2\/product\/30224\/revisions\/31368"}],"wp:featuredmedia":[{"embeddable":true,"href":"https:\/\/elshan.az\/en\/wp-json\/wp\/v2\/media\/31001"}],"wp:attachment":[{"href":"https:\/\/elshan.az\/en\/wp-json\/wp\/v2\/media?parent=30224"}],"wp:term":[{"taxonomy":"product_brand","embeddable":true,"href":"https:\/\/elshan.az\/en\/wp-json\/wp\/v2\/product_brand?post=30224"},{"taxonomy":"product_cat","embeddable":true,"href":"https:\/\/elshan.az\/en\/wp-json\/wp\/v2\/product_cat?post=30224"},{"taxonomy":"product_tag","embeddable":true,"href":"https:\/\/elshan.az\/en\/wp-json\/wp\/v2\/product_tag?post=30224"}],"curies":[{"name":"wp","href":"https:\/\/api.w.org\/{rel}","templated":true}]}}