{"id":30223,"date":"2026-04-24T17:37:40","date_gmt":"2026-04-24T17:37:40","guid":{"rendered":"https:\/\/elshan.az\/?post_type=product&#038;p=30223"},"modified":"2026-05-05T20:49:40","modified_gmt":"2026-05-05T20:49:40","slug":"s%c9%99k%c9%99rpar%c9%99","status":"publish","type":"product","link":"https:\/\/elshan.az\/en\/product\/s%c9%99k%c9%99rpar%c9%99\/","title":{"rendered":"\u015e\u0259k\u0259rpar\u0259"},"content":{"rendered":"<p>\u00dcz\u0259ri yanm\u0131\u015f kimi g\u00f6r\u00fcn\u0259n, i\u00e7i is\u0259 ax\u0131c\u0131 v\u0259 kremli olan m\u0259\u015fhur ispan \u00e7izkeyki.<\/p>","protected":false},"excerpt":{"rendered":"<p>D\u00fcnya m\u0259tb\u0259xind\u0259n ilhamlanan, z\u0259rif dad x\u00fcsusiyy\u0259tl\u0259ri il\u0259 se\u00e7il\u0259n xarici desert.<\/p>","protected":false},"featured_media":30997,"comment_status":"closed","ping_status":"closed","template":"","meta":[],"product_brand":[],"product_cat":[103],"product_tag":[],"class_list":{"0":"post-30223","1":"product","2":"type-product","3":"status-publish","4":"has-post-thumbnail","6":"product_cat-xarici-desert","8":"first","9":"instock","10":"virtual","11":"product-type-simple"},"_links":{"self":[{"href":"https:\/\/elshan.az\/en\/wp-json\/wp\/v2\/product\/30223","targetHints":{"allow":["GET"]}}],"collection":[{"href":"https:\/\/elshan.az\/en\/wp-json\/wp\/v2\/product"}],"about":[{"href":"https:\/\/elshan.az\/en\/wp-json\/wp\/v2\/types\/product"}],"replies":[{"embeddable":true,"href":"https:\/\/elshan.az\/en\/wp-json\/wp\/v2\/comments?post=30223"}],"version-history":[{"count":2,"href":"https:\/\/elshan.az\/en\/wp-json\/wp\/v2\/product\/30223\/revisions"}],"predecessor-version":[{"id":31367,"href":"https:\/\/elshan.az\/en\/wp-json\/wp\/v2\/product\/30223\/revisions\/31367"}],"wp:featuredmedia":[{"embeddable":true,"href":"https:\/\/elshan.az\/en\/wp-json\/wp\/v2\/media\/30997"}],"wp:attachment":[{"href":"https:\/\/elshan.az\/en\/wp-json\/wp\/v2\/media?parent=30223"}],"wp:term":[{"taxonomy":"product_brand","embeddable":true,"href":"https:\/\/elshan.az\/en\/wp-json\/wp\/v2\/product_brand?post=30223"},{"taxonomy":"product_cat","embeddable":true,"href":"https:\/\/elshan.az\/en\/wp-json\/wp\/v2\/product_cat?post=30223"},{"taxonomy":"product_tag","embeddable":true,"href":"https:\/\/elshan.az\/en\/wp-json\/wp\/v2\/product_tag?post=30223"}],"curies":[{"name":"wp","href":"https:\/\/api.w.org\/{rel}","templated":true}]}}