{"id":30219,"date":"2026-04-24T17:37:40","date_gmt":"2026-04-24T17:37:40","guid":{"rendered":"https:\/\/elshan.az\/?post_type=product&#038;p=30219"},"modified":"2026-05-05T20:49:39","modified_gmt":"2026-05-05T20:49:39","slug":"ag-islak-keks","status":"publish","type":"product","link":"https:\/\/elshan.az\/en\/product\/ag-islak-keks\/","title":{"rendered":"A\u011f islak keks"},"content":{"rendered":"<p>Sobada tam q\u0131zarm\u0131\u015f, x\u0131rt\u0131ldayan qozlu milli \u015firniyyat.<\/p>","protected":false},"excerpt":{"rendered":"<p>D\u00fcnya m\u0259tb\u0259xind\u0259n ilhamlanan, z\u0259rif dad x\u00fcsusiyy\u0259tl\u0259ri il\u0259 se\u00e7il\u0259n xarici desert.<\/p>","protected":false},"featured_media":0,"comment_status":"closed","ping_status":"closed","template":"","meta":[],"product_brand":[],"product_cat":[103],"product_tag":[],"class_list":{"0":"post-30219","1":"product","2":"type-product","3":"status-publish","5":"product_cat-xarici-desert","7":"first","8":"instock","9":"virtual","10":"product-type-simple"},"_links":{"self":[{"href":"https:\/\/elshan.az\/en\/wp-json\/wp\/v2\/product\/30219","targetHints":{"allow":["GET"]}}],"collection":[{"href":"https:\/\/elshan.az\/en\/wp-json\/wp\/v2\/product"}],"about":[{"href":"https:\/\/elshan.az\/en\/wp-json\/wp\/v2\/types\/product"}],"replies":[{"embeddable":true,"href":"https:\/\/elshan.az\/en\/wp-json\/wp\/v2\/comments?post=30219"}],"version-history":[{"count":2,"href":"https:\/\/elshan.az\/en\/wp-json\/wp\/v2\/product\/30219\/revisions"}],"predecessor-version":[{"id":31364,"href":"https:\/\/elshan.az\/en\/wp-json\/wp\/v2\/product\/30219\/revisions\/31364"}],"wp:attachment":[{"href":"https:\/\/elshan.az\/en\/wp-json\/wp\/v2\/media?parent=30219"}],"wp:term":[{"taxonomy":"product_brand","embeddable":true,"href":"https:\/\/elshan.az\/en\/wp-json\/wp\/v2\/product_brand?post=30219"},{"taxonomy":"product_cat","embeddable":true,"href":"https:\/\/elshan.az\/en\/wp-json\/wp\/v2\/product_cat?post=30219"},{"taxonomy":"product_tag","embeddable":true,"href":"https:\/\/elshan.az\/en\/wp-json\/wp\/v2\/product_tag?post=30219"}],"curies":[{"name":"wp","href":"https:\/\/api.w.org\/{rel}","templated":true}]}}