{"id":30186,"date":"2026-04-24T17:37:34","date_gmt":"2026-04-24T17:37:34","guid":{"rendered":"https:\/\/elshan.az\/?post_type=product&#038;p=30186"},"modified":"2026-05-05T20:49:39","modified_gmt":"2026-05-05T20:49:39","slug":"h%c9%99mz%c9%99li-halvasi-qozlu","status":"publish","type":"product","link":"https:\/\/elshan.az\/en\/product\/h%c9%99mz%c9%99li-halvasi-qozlu\/","title":{"rendered":"H\u0259mz\u0259li halvas\u0131 (qozlu)"},"content":{"rendered":"<p>K\u00fcnc\u00fct \u0259sasl\u0131, \u0259n\u0259n\u0259vi \u00fcsulla haz\u0131rlanan y\u00f6resel halva n\u00f6v\u00fc.<\/p>","protected":false},"excerpt":{"rendered":"<p>X\u00fcsusi resept \u0259sas\u0131nda haz\u0131rlanm\u0131\u015f, f\u0259rqli dad x\u00fcsusiyy\u0259tl\u0259ri il\u0259 se\u00e7il\u0259n Q\u0259b\u0259l\u0259 m\u0259hsulu.<\/p>","protected":false},"featured_media":0,"comment_status":"closed","ping_status":"closed","template":"","meta":[],"product_brand":[],"product_cat":[102],"product_tag":[],"class_list":{"0":"post-30186","1":"product","2":"type-product","3":"status-publish","5":"product_cat-qbl","7":"first","8":"instock","9":"virtual","10":"product-type-simple"},"_links":{"self":[{"href":"https:\/\/elshan.az\/en\/wp-json\/wp\/v2\/product\/30186","targetHints":{"allow":["GET"]}}],"collection":[{"href":"https:\/\/elshan.az\/en\/wp-json\/wp\/v2\/product"}],"about":[{"href":"https:\/\/elshan.az\/en\/wp-json\/wp\/v2\/types\/product"}],"replies":[{"embeddable":true,"href":"https:\/\/elshan.az\/en\/wp-json\/wp\/v2\/comments?post=30186"}],"version-history":[{"count":2,"href":"https:\/\/elshan.az\/en\/wp-json\/wp\/v2\/product\/30186\/revisions"}],"predecessor-version":[{"id":31361,"href":"https:\/\/elshan.az\/en\/wp-json\/wp\/v2\/product\/30186\/revisions\/31361"}],"wp:attachment":[{"href":"https:\/\/elshan.az\/en\/wp-json\/wp\/v2\/media?parent=30186"}],"wp:term":[{"taxonomy":"product_brand","embeddable":true,"href":"https:\/\/elshan.az\/en\/wp-json\/wp\/v2\/product_brand?post=30186"},{"taxonomy":"product_cat","embeddable":true,"href":"https:\/\/elshan.az\/en\/wp-json\/wp\/v2\/product_cat?post=30186"},{"taxonomy":"product_tag","embeddable":true,"href":"https:\/\/elshan.az\/en\/wp-json\/wp\/v2\/product_tag?post=30186"}],"curies":[{"name":"wp","href":"https:\/\/api.w.org\/{rel}","templated":true}]}}