{"id":30185,"date":"2026-04-24T17:37:34","date_gmt":"2026-04-24T17:37:34","guid":{"rendered":"https:\/\/elshan.az\/?post_type=product&#038;p=30185"},"modified":"2026-05-05T20:49:39","modified_gmt":"2026-05-05T20:49:39","slug":"h%c9%99mz%c9%99li-halvasi-kuncutlu","status":"publish","type":"product","link":"https:\/\/elshan.az\/en\/product\/h%c9%99mz%c9%99li-halvasi-kuncutlu\/","title":{"rendered":"H\u0259mz\u0259li halvas\u0131 (k\u00fcnc\u00fctl\u00fc)"},"content":{"rendered":"<p>Ad\u0131 kimi \u00e7ox inc\u0259 tekstural\u0131, a\u011f\u0131zda d\u0259rhal \u0259riy\u0259n un m\u0259mulat\u0131.<\/p>","protected":false},"excerpt":{"rendered":"<p>X\u00fcsusi resept \u0259sas\u0131nda haz\u0131rlanm\u0131\u015f, f\u0259rqli dad x\u00fcsusiyy\u0259tl\u0259ri il\u0259 se\u00e7il\u0259n Q\u0259b\u0259l\u0259 m\u0259hsulu.<\/p>","protected":false},"featured_media":0,"comment_status":"closed","ping_status":"closed","template":"","meta":[],"product_brand":[],"product_cat":[102],"product_tag":[],"class_list":{"0":"post-30185","1":"product","2":"type-product","3":"status-publish","5":"product_cat-qbl","7":"first","8":"instock","9":"virtual","10":"product-type-simple"},"_links":{"self":[{"href":"https:\/\/elshan.az\/en\/wp-json\/wp\/v2\/product\/30185","targetHints":{"allow":["GET"]}}],"collection":[{"href":"https:\/\/elshan.az\/en\/wp-json\/wp\/v2\/product"}],"about":[{"href":"https:\/\/elshan.az\/en\/wp-json\/wp\/v2\/types\/product"}],"replies":[{"embeddable":true,"href":"https:\/\/elshan.az\/en\/wp-json\/wp\/v2\/comments?post=30185"}],"version-history":[{"count":2,"href":"https:\/\/elshan.az\/en\/wp-json\/wp\/v2\/product\/30185\/revisions"}],"predecessor-version":[{"id":31360,"href":"https:\/\/elshan.az\/en\/wp-json\/wp\/v2\/product\/30185\/revisions\/31360"}],"wp:attachment":[{"href":"https:\/\/elshan.az\/en\/wp-json\/wp\/v2\/media?parent=30185"}],"wp:term":[{"taxonomy":"product_brand","embeddable":true,"href":"https:\/\/elshan.az\/en\/wp-json\/wp\/v2\/product_brand?post=30185"},{"taxonomy":"product_cat","embeddable":true,"href":"https:\/\/elshan.az\/en\/wp-json\/wp\/v2\/product_cat?post=30185"},{"taxonomy":"product_tag","embeddable":true,"href":"https:\/\/elshan.az\/en\/wp-json\/wp\/v2\/product_tag?post=30185"}],"curies":[{"name":"wp","href":"https:\/\/api.w.org\/{rel}","templated":true}]}}