{"id":30184,"date":"2026-04-24T17:37:34","date_gmt":"2026-04-24T17:37:34","guid":{"rendered":"https:\/\/elshan.az\/?post_type=product&#038;p=30184"},"modified":"2026-05-05T20:49:39","modified_gmt":"2026-05-05T20:49:39","slug":"z%c9%99rif","status":"publish","type":"product","link":"https:\/\/elshan.az\/en\/product\/z%c9%99rif\/","title":{"rendered":"Z\u0259rif cemli"},"content":{"rendered":"<p>Dair\u0259vi formada haz\u0131rlanan, x\u0131rt\u0131ldayan qat-qat un m\u0259mulat\u0131.<\/p>","protected":false},"excerpt":{"rendered":"<p>T\u0259z\u0259 haz\u0131rlanm\u0131\u015f, x\u0131rt\u0131ldayan v\u0259 l\u0259zz\u0259tli pe\u00e7enye \u00e7e\u015fidl\u0259ri.<\/p>","protected":false},"featured_media":30956,"comment_status":"closed","ping_status":"closed","template":"","meta":[],"product_brand":[],"product_cat":[101],"product_tag":[],"class_list":{"0":"post-30184","1":"product","2":"type-product","3":"status-publish","4":"has-post-thumbnail","6":"product_cat-pecenye","8":"first","9":"instock","10":"virtual","11":"product-type-simple"},"_links":{"self":[{"href":"https:\/\/elshan.az\/en\/wp-json\/wp\/v2\/product\/30184","targetHints":{"allow":["GET"]}}],"collection":[{"href":"https:\/\/elshan.az\/en\/wp-json\/wp\/v2\/product"}],"about":[{"href":"https:\/\/elshan.az\/en\/wp-json\/wp\/v2\/types\/product"}],"replies":[{"embeddable":true,"href":"https:\/\/elshan.az\/en\/wp-json\/wp\/v2\/comments?post=30184"}],"version-history":[{"count":4,"href":"https:\/\/elshan.az\/en\/wp-json\/wp\/v2\/product\/30184\/revisions"}],"predecessor-version":[{"id":31359,"href":"https:\/\/elshan.az\/en\/wp-json\/wp\/v2\/product\/30184\/revisions\/31359"}],"wp:featuredmedia":[{"embeddable":true,"href":"https:\/\/elshan.az\/en\/wp-json\/wp\/v2\/media\/30956"}],"wp:attachment":[{"href":"https:\/\/elshan.az\/en\/wp-json\/wp\/v2\/media?parent=30184"}],"wp:term":[{"taxonomy":"product_brand","embeddable":true,"href":"https:\/\/elshan.az\/en\/wp-json\/wp\/v2\/product_brand?post=30184"},{"taxonomy":"product_cat","embeddable":true,"href":"https:\/\/elshan.az\/en\/wp-json\/wp\/v2\/product_cat?post=30184"},{"taxonomy":"product_tag","embeddable":true,"href":"https:\/\/elshan.az\/en\/wp-json\/wp\/v2\/product_tag?post=30184"}],"curies":[{"name":"wp","href":"https:\/\/api.w.org\/{rel}","templated":true}]}}