{"id":30175,"date":"2026-04-24T17:37:33","date_gmt":"2026-04-24T17:37:33","guid":{"rendered":"https:\/\/elshan.az\/?post_type=product&#038;p=30175"},"modified":"2026-05-05T20:49:37","modified_gmt":"2026-05-05T20:49:37","slug":"sokoladli-kurabiy%c9%99","status":"publish","type":"product","link":"https:\/\/elshan.az\/en\/product\/sokoladli-kurabiy%c9%99\/","title":{"rendered":"\u015eokoladl\u0131 kurabiy\u0259"},"content":{"rendered":"<p>G\u00f6r\u00fcn\u00fc\u015f\u00fc eynil\u0259 \u015faftal\u0131n\u0131 xat\u0131rladan, i\u00e7i kremli r\u0259ngar\u0259ng \u015firniyyat.<\/p>","protected":false},"excerpt":{"rendered":"<p>T\u0259z\u0259 haz\u0131rlanm\u0131\u015f, x\u0131rt\u0131ldayan v\u0259 l\u0259zz\u0259tli pe\u00e7enye \u00e7e\u015fidl\u0259ri.<\/p>","protected":false},"featured_media":30711,"comment_status":"closed","ping_status":"closed","template":"","meta":[],"product_brand":[],"product_cat":[101],"product_tag":[],"class_list":{"0":"post-30175","1":"product","2":"type-product","3":"status-publish","4":"has-post-thumbnail","6":"product_cat-pecenye","8":"first","9":"instock","10":"virtual","11":"product-type-simple"},"_links":{"self":[{"href":"https:\/\/elshan.az\/en\/wp-json\/wp\/v2\/product\/30175","targetHints":{"allow":["GET"]}}],"collection":[{"href":"https:\/\/elshan.az\/en\/wp-json\/wp\/v2\/product"}],"about":[{"href":"https:\/\/elshan.az\/en\/wp-json\/wp\/v2\/types\/product"}],"replies":[{"embeddable":true,"href":"https:\/\/elshan.az\/en\/wp-json\/wp\/v2\/comments?post=30175"}],"version-history":[{"count":2,"href":"https:\/\/elshan.az\/en\/wp-json\/wp\/v2\/product\/30175\/revisions"}],"predecessor-version":[{"id":31350,"href":"https:\/\/elshan.az\/en\/wp-json\/wp\/v2\/product\/30175\/revisions\/31350"}],"wp:featuredmedia":[{"embeddable":true,"href":"https:\/\/elshan.az\/en\/wp-json\/wp\/v2\/media\/30711"}],"wp:attachment":[{"href":"https:\/\/elshan.az\/en\/wp-json\/wp\/v2\/media?parent=30175"}],"wp:term":[{"taxonomy":"product_brand","embeddable":true,"href":"https:\/\/elshan.az\/en\/wp-json\/wp\/v2\/product_brand?post=30175"},{"taxonomy":"product_cat","embeddable":true,"href":"https:\/\/elshan.az\/en\/wp-json\/wp\/v2\/product_cat?post=30175"},{"taxonomy":"product_tag","embeddable":true,"href":"https:\/\/elshan.az\/en\/wp-json\/wp\/v2\/product_tag?post=30175"}],"curies":[{"name":"wp","href":"https:\/\/api.w.org\/{rel}","templated":true}]}}