{"id":30163,"date":"2026-04-24T17:37:32","date_gmt":"2026-04-24T17:37:32","guid":{"rendered":"https:\/\/elshan.az\/?post_type=product&#038;p=30163"},"modified":"2026-05-05T20:49:35","modified_gmt":"2026-05-05T20:49:35","slug":"kirpi-pecenyesi","status":"publish","type":"product","link":"https:\/\/elshan.az\/en\/product\/kirpi-pecenyesi\/","title":{"rendered":"Kirpi pe\u00e7enyesi"},"content":{"rendered":"<p>Kokosun ekzotik dad\u0131 il\u0259 \u015fokolad\u0131n m\u00fck\u0259mm\u0259l uy\u011funlu\u011fu.<\/p>","protected":false},"excerpt":{"rendered":"<p>T\u0259z\u0259 haz\u0131rlanm\u0131\u015f, x\u0131rt\u0131ldayan v\u0259 l\u0259zz\u0259tli pe\u00e7enye \u00e7e\u015fidl\u0259ri.<\/p>","protected":false},"featured_media":30675,"comment_status":"closed","ping_status":"closed","template":"","meta":[],"product_brand":[],"product_cat":[101],"product_tag":[],"class_list":{"0":"post-30163","1":"product","2":"type-product","3":"status-publish","4":"has-post-thumbnail","6":"product_cat-pecenye","8":"first","9":"instock","10":"virtual","11":"product-type-simple"},"_links":{"self":[{"href":"https:\/\/elshan.az\/en\/wp-json\/wp\/v2\/product\/30163","targetHints":{"allow":["GET"]}}],"collection":[{"href":"https:\/\/elshan.az\/en\/wp-json\/wp\/v2\/product"}],"about":[{"href":"https:\/\/elshan.az\/en\/wp-json\/wp\/v2\/types\/product"}],"replies":[{"embeddable":true,"href":"https:\/\/elshan.az\/en\/wp-json\/wp\/v2\/comments?post=30163"}],"version-history":[{"count":2,"href":"https:\/\/elshan.az\/en\/wp-json\/wp\/v2\/product\/30163\/revisions"}],"predecessor-version":[{"id":31338,"href":"https:\/\/elshan.az\/en\/wp-json\/wp\/v2\/product\/30163\/revisions\/31338"}],"wp:featuredmedia":[{"embeddable":true,"href":"https:\/\/elshan.az\/en\/wp-json\/wp\/v2\/media\/30675"}],"wp:attachment":[{"href":"https:\/\/elshan.az\/en\/wp-json\/wp\/v2\/media?parent=30163"}],"wp:term":[{"taxonomy":"product_brand","embeddable":true,"href":"https:\/\/elshan.az\/en\/wp-json\/wp\/v2\/product_brand?post=30163"},{"taxonomy":"product_cat","embeddable":true,"href":"https:\/\/elshan.az\/en\/wp-json\/wp\/v2\/product_cat?post=30163"},{"taxonomy":"product_tag","embeddable":true,"href":"https:\/\/elshan.az\/en\/wp-json\/wp\/v2\/product_tag?post=30163"}],"curies":[{"name":"wp","href":"https:\/\/api.w.org\/{rel}","templated":true}]}}