{"id":30161,"date":"2026-04-24T17:37:32","date_gmt":"2026-04-24T17:37:32","guid":{"rendered":"https:\/\/elshan.az\/?post_type=product&#038;p=30161"},"modified":"2026-05-05T20:49:35","modified_gmt":"2026-05-05T20:49:35","slug":"kokoslu-pecenye","status":"publish","type":"product","link":"https:\/\/elshan.az\/en\/product\/kokoslu-pecenye\/","title":{"rendered":"Kokoslu pe\u00e7enye"},"content":{"rendered":"<p>Bir t\u0259r\u0259fi \u015fokoladl\u0131, dig\u0259r t\u0259r\u0259fi sad\u0259 olan dadl\u0131 se\u00e7im.<\/p>","protected":false},"excerpt":{"rendered":"<p>T\u0259z\u0259 haz\u0131rlanm\u0131\u015f, x\u0131rt\u0131ldayan v\u0259 l\u0259zz\u0259tli pe\u00e7enye \u00e7e\u015fidl\u0259ri.<\/p>","protected":false},"featured_media":0,"comment_status":"closed","ping_status":"closed","template":"","meta":[],"product_brand":[],"product_cat":[101],"product_tag":[],"class_list":{"0":"post-30161","1":"product","2":"type-product","3":"status-publish","5":"product_cat-pecenye","7":"first","8":"instock","9":"virtual","10":"product-type-simple"},"_links":{"self":[{"href":"https:\/\/elshan.az\/en\/wp-json\/wp\/v2\/product\/30161","targetHints":{"allow":["GET"]}}],"collection":[{"href":"https:\/\/elshan.az\/en\/wp-json\/wp\/v2\/product"}],"about":[{"href":"https:\/\/elshan.az\/en\/wp-json\/wp\/v2\/types\/product"}],"replies":[{"embeddable":true,"href":"https:\/\/elshan.az\/en\/wp-json\/wp\/v2\/comments?post=30161"}],"version-history":[{"count":2,"href":"https:\/\/elshan.az\/en\/wp-json\/wp\/v2\/product\/30161\/revisions"}],"predecessor-version":[{"id":31336,"href":"https:\/\/elshan.az\/en\/wp-json\/wp\/v2\/product\/30161\/revisions\/31336"}],"wp:attachment":[{"href":"https:\/\/elshan.az\/en\/wp-json\/wp\/v2\/media?parent=30161"}],"wp:term":[{"taxonomy":"product_brand","embeddable":true,"href":"https:\/\/elshan.az\/en\/wp-json\/wp\/v2\/product_brand?post=30161"},{"taxonomy":"product_cat","embeddable":true,"href":"https:\/\/elshan.az\/en\/wp-json\/wp\/v2\/product_cat?post=30161"},{"taxonomy":"product_tag","embeddable":true,"href":"https:\/\/elshan.az\/en\/wp-json\/wp\/v2\/product_tag?post=30161"}],"curies":[{"name":"wp","href":"https:\/\/api.w.org\/{rel}","templated":true}]}}