{"id":30127,"date":"2026-04-24T17:37:27","date_gmt":"2026-04-24T17:37:27","guid":{"rendered":"https:\/\/elshan.az\/?post_type=product&#038;p=30127"},"modified":"2026-05-05T20:49:35","modified_gmt":"2026-05-05T20:49:35","slug":"z%c9%99rif-pecenye","status":"publish","type":"product","link":"https:\/\/elshan.az\/en\/product\/z%c9%99rif-pecenye\/","title":{"rendered":"Z\u0259rif pe\u00e7enye"},"content":{"rendered":"<p>\u015eokolad dad\u0131 v\u0259 qovrulmu\u015f \u00e7\u0259r\u0259zl\u0259rin v\u0259hd\u0259tind\u0259n yaranan x\u0131rt\u0131ldayan l\u0259zz\u0259t.<\/p>","protected":false},"excerpt":{"rendered":"<p>T\u0259z\u0259 haz\u0131rlanm\u0131\u015f, x\u0131rt\u0131ldayan v\u0259 l\u0259zz\u0259tli pe\u00e7enye \u00e7e\u015fidl\u0259ri.<\/p>","protected":false},"featured_media":30731,"comment_status":"closed","ping_status":"closed","template":"","meta":[],"product_brand":[],"product_cat":[101],"product_tag":[],"class_list":{"0":"post-30127","1":"product","2":"type-product","3":"status-publish","4":"has-post-thumbnail","6":"product_cat-pecenye","8":"first","9":"instock","10":"virtual","11":"product-type-simple"},"_links":{"self":[{"href":"https:\/\/elshan.az\/en\/wp-json\/wp\/v2\/product\/30127","targetHints":{"allow":["GET"]}}],"collection":[{"href":"https:\/\/elshan.az\/en\/wp-json\/wp\/v2\/product"}],"about":[{"href":"https:\/\/elshan.az\/en\/wp-json\/wp\/v2\/types\/product"}],"replies":[{"embeddable":true,"href":"https:\/\/elshan.az\/en\/wp-json\/wp\/v2\/comments?post=30127"}],"version-history":[{"count":2,"href":"https:\/\/elshan.az\/en\/wp-json\/wp\/v2\/product\/30127\/revisions"}],"predecessor-version":[{"id":31332,"href":"https:\/\/elshan.az\/en\/wp-json\/wp\/v2\/product\/30127\/revisions\/31332"}],"wp:featuredmedia":[{"embeddable":true,"href":"https:\/\/elshan.az\/en\/wp-json\/wp\/v2\/media\/30731"}],"wp:attachment":[{"href":"https:\/\/elshan.az\/en\/wp-json\/wp\/v2\/media?parent=30127"}],"wp:term":[{"taxonomy":"product_brand","embeddable":true,"href":"https:\/\/elshan.az\/en\/wp-json\/wp\/v2\/product_brand?post=30127"},{"taxonomy":"product_cat","embeddable":true,"href":"https:\/\/elshan.az\/en\/wp-json\/wp\/v2\/product_cat?post=30127"},{"taxonomy":"product_tag","embeddable":true,"href":"https:\/\/elshan.az\/en\/wp-json\/wp\/v2\/product_tag?post=30127"}],"curies":[{"name":"wp","href":"https:\/\/api.w.org\/{rel}","templated":true}]}}