{"id":30122,"date":"2026-04-24T17:37:27","date_gmt":"2026-04-24T17:37:27","guid":{"rendered":"https:\/\/elshan.az\/?post_type=product&#038;p=30122"},"modified":"2026-05-05T20:49:34","modified_gmt":"2026-05-05T20:49:34","slug":"turk-paxlavasi","status":"publish","type":"product","link":"https:\/\/elshan.az\/en\/product\/turk-paxlavasi\/","title":{"rendered":"T\u00fcrk paxlavas\u0131"},"content":{"rendered":"<p>S\u00fcd v\u0259 \u015fokoladla dadland\u0131r\u0131lm\u0131\u015f, daha y\u00fcng\u00fcl v\u0259 s\u0259rin servis edil\u0259n m\u00fcasir paxlava.<\/p>","protected":false},"excerpt":{"rendered":"<p>\u018fn\u0259n\u0259vi \u00fcsullarla haz\u0131rlanm\u0131\u015f, z\u0259ngin v\u0259 \u015firin dad\u0131 il\u0259 se\u00e7il\u0259n paxlava n\u00f6vl\u0259ri.<\/p>","protected":false},"featured_media":30792,"comment_status":"closed","ping_status":"closed","template":"","meta":[],"product_brand":[],"product_cat":[100],"product_tag":[],"class_list":{"0":"post-30122","1":"product","2":"type-product","3":"status-publish","4":"has-post-thumbnail","6":"product_cat-paxlava","8":"first","9":"instock","10":"virtual","11":"product-type-simple"},"_links":{"self":[{"href":"https:\/\/elshan.az\/en\/wp-json\/wp\/v2\/product\/30122","targetHints":{"allow":["GET"]}}],"collection":[{"href":"https:\/\/elshan.az\/en\/wp-json\/wp\/v2\/product"}],"about":[{"href":"https:\/\/elshan.az\/en\/wp-json\/wp\/v2\/types\/product"}],"replies":[{"embeddable":true,"href":"https:\/\/elshan.az\/en\/wp-json\/wp\/v2\/comments?post=30122"}],"version-history":[{"count":2,"href":"https:\/\/elshan.az\/en\/wp-json\/wp\/v2\/product\/30122\/revisions"}],"predecessor-version":[{"id":31328,"href":"https:\/\/elshan.az\/en\/wp-json\/wp\/v2\/product\/30122\/revisions\/31328"}],"wp:featuredmedia":[{"embeddable":true,"href":"https:\/\/elshan.az\/en\/wp-json\/wp\/v2\/media\/30792"}],"wp:attachment":[{"href":"https:\/\/elshan.az\/en\/wp-json\/wp\/v2\/media?parent=30122"}],"wp:term":[{"taxonomy":"product_brand","embeddable":true,"href":"https:\/\/elshan.az\/en\/wp-json\/wp\/v2\/product_brand?post=30122"},{"taxonomy":"product_cat","embeddable":true,"href":"https:\/\/elshan.az\/en\/wp-json\/wp\/v2\/product_cat?post=30122"},{"taxonomy":"product_tag","embeddable":true,"href":"https:\/\/elshan.az\/en\/wp-json\/wp\/v2\/product_tag?post=30122"}],"curies":[{"name":"wp","href":"https:\/\/api.w.org\/{rel}","templated":true}]}}