{"id":30121,"date":"2026-04-24T17:37:27","date_gmt":"2026-04-24T17:37:27","guid":{"rendered":"https:\/\/elshan.az\/?post_type=product&#038;p=30121"},"modified":"2026-05-05T20:49:34","modified_gmt":"2026-05-05T20:49:34","slug":"soyuq-turk-paxlavasi","status":"publish","type":"product","link":"https:\/\/elshan.az\/en\/product\/soyuq-turk-paxlavasi\/","title":{"rendered":"Soyuq t\u00fcrk paxlavas\u0131"},"content":{"rendered":"<p>Yum\u015faq biskvit tekstural\u0131 x\u0259mir v\u0259 qozlu i\u00e7likl\u0259 haz\u0131rlanan f\u0259rqli paxlava n\u00f6v\u00fc.<\/p>","protected":false},"excerpt":{"rendered":"<p>\u018fn\u0259n\u0259vi \u00fcsullarla haz\u0131rlanm\u0131\u015f, z\u0259ngin v\u0259 \u015firin dad\u0131 il\u0259 se\u00e7il\u0259n paxlava n\u00f6vl\u0259ri.<\/p>","protected":false},"featured_media":30783,"comment_status":"closed","ping_status":"closed","template":"","meta":[],"product_brand":[],"product_cat":[100],"product_tag":[],"class_list":{"0":"post-30121","1":"product","2":"type-product","3":"status-publish","4":"has-post-thumbnail","6":"product_cat-paxlava","8":"first","9":"instock","10":"virtual","11":"product-type-simple"},"_links":{"self":[{"href":"https:\/\/elshan.az\/en\/wp-json\/wp\/v2\/product\/30121","targetHints":{"allow":["GET"]}}],"collection":[{"href":"https:\/\/elshan.az\/en\/wp-json\/wp\/v2\/product"}],"about":[{"href":"https:\/\/elshan.az\/en\/wp-json\/wp\/v2\/types\/product"}],"replies":[{"embeddable":true,"href":"https:\/\/elshan.az\/en\/wp-json\/wp\/v2\/comments?post=30121"}],"version-history":[{"count":2,"href":"https:\/\/elshan.az\/en\/wp-json\/wp\/v2\/product\/30121\/revisions"}],"predecessor-version":[{"id":31327,"href":"https:\/\/elshan.az\/en\/wp-json\/wp\/v2\/product\/30121\/revisions\/31327"}],"wp:featuredmedia":[{"embeddable":true,"href":"https:\/\/elshan.az\/en\/wp-json\/wp\/v2\/media\/30783"}],"wp:attachment":[{"href":"https:\/\/elshan.az\/en\/wp-json\/wp\/v2\/media?parent=30121"}],"wp:term":[{"taxonomy":"product_brand","embeddable":true,"href":"https:\/\/elshan.az\/en\/wp-json\/wp\/v2\/product_brand?post=30121"},{"taxonomy":"product_cat","embeddable":true,"href":"https:\/\/elshan.az\/en\/wp-json\/wp\/v2\/product_cat?post=30121"},{"taxonomy":"product_tag","embeddable":true,"href":"https:\/\/elshan.az\/en\/wp-json\/wp\/v2\/product_tag?post=30121"}],"curies":[{"name":"wp","href":"https:\/\/api.w.org\/{rel}","templated":true}]}}