{"id":30118,"date":"2026-04-24T17:37:27","date_gmt":"2026-04-24T17:37:27","guid":{"rendered":"https:\/\/elshan.az\/?post_type=product&#038;p=30118"},"modified":"2026-05-05T20:49:33","modified_gmt":"2026-05-05T20:49:33","slug":"findiq-paxlavasi","status":"publish","type":"product","link":"https:\/\/elshan.az\/en\/product\/findiq-paxlavasi\/","title":{"rendered":"F\u0131nd\u0131q paxlavas\u0131"},"content":{"rendered":"<p>Formas\u0131na g\u00f6r\u0259 bel\u0259 adland\u0131r\u0131lan, i\u00e7i qozlu, qat-qat v\u0259 \u015f\u0259rb\u0259tli \u015e\u0259rq \u015firniyyat\u0131.<\/p>","protected":false},"excerpt":{"rendered":"<p>\u018fn\u0259n\u0259vi \u00fcsullarla haz\u0131rlanm\u0131\u015f, z\u0259ngin v\u0259 \u015firin dad\u0131 il\u0259 se\u00e7il\u0259n paxlava n\u00f6vl\u0259ri.<\/p>","protected":false},"featured_media":30757,"comment_status":"closed","ping_status":"closed","template":"","meta":[],"product_brand":[],"product_cat":[100],"product_tag":[],"class_list":{"0":"post-30118","1":"product","2":"type-product","3":"status-publish","4":"has-post-thumbnail","6":"product_cat-paxlava","8":"first","9":"instock","10":"virtual","11":"product-type-simple"},"_links":{"self":[{"href":"https:\/\/elshan.az\/en\/wp-json\/wp\/v2\/product\/30118","targetHints":{"allow":["GET"]}}],"collection":[{"href":"https:\/\/elshan.az\/en\/wp-json\/wp\/v2\/product"}],"about":[{"href":"https:\/\/elshan.az\/en\/wp-json\/wp\/v2\/types\/product"}],"replies":[{"embeddable":true,"href":"https:\/\/elshan.az\/en\/wp-json\/wp\/v2\/comments?post=30118"}],"version-history":[{"count":2,"href":"https:\/\/elshan.az\/en\/wp-json\/wp\/v2\/product\/30118\/revisions"}],"predecessor-version":[{"id":31324,"href":"https:\/\/elshan.az\/en\/wp-json\/wp\/v2\/product\/30118\/revisions\/31324"}],"wp:featuredmedia":[{"embeddable":true,"href":"https:\/\/elshan.az\/en\/wp-json\/wp\/v2\/media\/30757"}],"wp:attachment":[{"href":"https:\/\/elshan.az\/en\/wp-json\/wp\/v2\/media?parent=30118"}],"wp:term":[{"taxonomy":"product_brand","embeddable":true,"href":"https:\/\/elshan.az\/en\/wp-json\/wp\/v2\/product_brand?post=30118"},{"taxonomy":"product_cat","embeddable":true,"href":"https:\/\/elshan.az\/en\/wp-json\/wp\/v2\/product_cat?post=30118"},{"taxonomy":"product_tag","embeddable":true,"href":"https:\/\/elshan.az\/en\/wp-json\/wp\/v2\/product_tag?post=30118"}],"curies":[{"name":"wp","href":"https:\/\/api.w.org\/{rel}","templated":true}]}}