{"id":30116,"date":"2026-04-24T17:37:27","date_gmt":"2026-04-24T17:37:27","guid":{"rendered":"https:\/\/elshan.az\/?post_type=product&#038;p=30116"},"modified":"2026-05-05T20:49:33","modified_gmt":"2026-05-05T20:49:33","slug":"burma","status":"publish","type":"product","link":"https:\/\/elshan.az\/en\/product\/burma\/","title":{"rendered":"Burma"},"content":{"rendered":"<p>\u00c7ay v\u0259 q\u0259hv\u0259 yan\u0131na ideal, x\u0131rt\u0131ldayan v\u0259 y\u00fcng\u00fcl duzlu q\u0259lyanalt\u0131.<\/p>","protected":false},"excerpt":{"rendered":"<p>\u018fn\u0259n\u0259vi \u00fcsullarla haz\u0131rlanm\u0131\u015f, z\u0259ngin v\u0259 \u015firin dad\u0131 il\u0259 se\u00e7il\u0259n paxlava n\u00f6vl\u0259ri.<\/p>","protected":false},"featured_media":30750,"comment_status":"closed","ping_status":"closed","template":"","meta":[],"product_brand":[],"product_cat":[100],"product_tag":[],"class_list":{"0":"post-30116","1":"product","2":"type-product","3":"status-publish","4":"has-post-thumbnail","6":"product_cat-paxlava","8":"first","9":"instock","10":"virtual","11":"product-type-simple"},"_links":{"self":[{"href":"https:\/\/elshan.az\/en\/wp-json\/wp\/v2\/product\/30116","targetHints":{"allow":["GET"]}}],"collection":[{"href":"https:\/\/elshan.az\/en\/wp-json\/wp\/v2\/product"}],"about":[{"href":"https:\/\/elshan.az\/en\/wp-json\/wp\/v2\/types\/product"}],"replies":[{"embeddable":true,"href":"https:\/\/elshan.az\/en\/wp-json\/wp\/v2\/comments?post=30116"}],"version-history":[{"count":2,"href":"https:\/\/elshan.az\/en\/wp-json\/wp\/v2\/product\/30116\/revisions"}],"predecessor-version":[{"id":31322,"href":"https:\/\/elshan.az\/en\/wp-json\/wp\/v2\/product\/30116\/revisions\/31322"}],"wp:featuredmedia":[{"embeddable":true,"href":"https:\/\/elshan.az\/en\/wp-json\/wp\/v2\/media\/30750"}],"wp:attachment":[{"href":"https:\/\/elshan.az\/en\/wp-json\/wp\/v2\/media?parent=30116"}],"wp:term":[{"taxonomy":"product_brand","embeddable":true,"href":"https:\/\/elshan.az\/en\/wp-json\/wp\/v2\/product_brand?post=30116"},{"taxonomy":"product_cat","embeddable":true,"href":"https:\/\/elshan.az\/en\/wp-json\/wp\/v2\/product_cat?post=30116"},{"taxonomy":"product_tag","embeddable":true,"href":"https:\/\/elshan.az\/en\/wp-json\/wp\/v2\/product_tag?post=30116"}],"curies":[{"name":"wp","href":"https:\/\/api.w.org\/{rel}","templated":true}]}}