{"id":30115,"date":"2026-04-24T17:37:27","date_gmt":"2026-04-24T17:37:27","guid":{"rendered":"https:\/\/elshan.az\/?post_type=product&#038;p=30115"},"modified":"2026-05-05T20:49:33","modified_gmt":"2026-05-05T20:49:33","slug":"duzlu-pecenye","status":"publish","type":"product","link":"https:\/\/elshan.az\/en\/product\/duzlu-pecenye\/","title":{"rendered":"Duzlu pe\u00e7enye"},"content":{"rendered":"<p>Q\u0131sa T\u0259sviri<\/p>","protected":false},"excerpt":{"rendered":"<p>Duzlu v\u0259 l\u0259zz\u0259tli q\u0259lyanalt\u0131lar g\u00fcn\u00fcn ist\u0259nil\u0259n saat\u0131 \u00fc\u00e7\u00fcn ideal se\u00e7imdir.<\/p>","protected":false},"featured_media":0,"comment_status":"closed","ping_status":"closed","template":"","meta":[],"product_brand":[],"product_cat":[88],"product_tag":[],"class_list":{"0":"post-30115","1":"product","2":"type-product","3":"status-publish","5":"product_cat-duzlu","7":"first","8":"instock","9":"virtual","10":"product-type-simple"},"_links":{"self":[{"href":"https:\/\/elshan.az\/en\/wp-json\/wp\/v2\/product\/30115","targetHints":{"allow":["GET"]}}],"collection":[{"href":"https:\/\/elshan.az\/en\/wp-json\/wp\/v2\/product"}],"about":[{"href":"https:\/\/elshan.az\/en\/wp-json\/wp\/v2\/types\/product"}],"replies":[{"embeddable":true,"href":"https:\/\/elshan.az\/en\/wp-json\/wp\/v2\/comments?post=30115"}],"version-history":[{"count":2,"href":"https:\/\/elshan.az\/en\/wp-json\/wp\/v2\/product\/30115\/revisions"}],"predecessor-version":[{"id":31321,"href":"https:\/\/elshan.az\/en\/wp-json\/wp\/v2\/product\/30115\/revisions\/31321"}],"wp:attachment":[{"href":"https:\/\/elshan.az\/en\/wp-json\/wp\/v2\/media?parent=30115"}],"wp:term":[{"taxonomy":"product_brand","embeddable":true,"href":"https:\/\/elshan.az\/en\/wp-json\/wp\/v2\/product_brand?post=30115"},{"taxonomy":"product_cat","embeddable":true,"href":"https:\/\/elshan.az\/en\/wp-json\/wp\/v2\/product_cat?post=30115"},{"taxonomy":"product_tag","embeddable":true,"href":"https:\/\/elshan.az\/en\/wp-json\/wp\/v2\/product_tag?post=30115"}],"curies":[{"name":"wp","href":"https:\/\/api.w.org\/{rel}","templated":true}]}}