{"id":30114,"date":"2026-04-24T17:37:27","date_gmt":"2026-04-24T17:37:27","guid":{"rendered":"https:\/\/elshan.az\/?post_type=product&#038;p=30114"},"modified":"2026-05-05T20:49:33","modified_gmt":"2026-05-05T20:49:33","slug":"qozlu-kokoslu-yarim-dietik","status":"publish","type":"product","link":"https:\/\/elshan.az\/en\/product\/qozlu-kokoslu-yarim-dietik\/","title":{"rendered":"Qozlu-kokoslu yar\u0131m-dietik"},"content":{"rendered":"","protected":false},"excerpt":{"rendered":"<p>Sa\u011flam h\u0259yat t\u0259rzin\u0259 uy\u011fun, y\u00fcng\u00fcl v\u0259 \u015f\u0259k\u0259rsiz haz\u0131rlanm\u0131\u015f dietik \u015firniyyatlar.<\/p>","protected":false},"featured_media":30636,"comment_status":"closed","ping_status":"closed","template":"","meta":[],"product_brand":[],"product_cat":[89],"product_tag":[],"class_list":{"0":"post-30114","1":"product","2":"type-product","3":"status-publish","4":"has-post-thumbnail","6":"product_cat-dietik","8":"first","9":"instock","10":"virtual","11":"product-type-simple"},"_links":{"self":[{"href":"https:\/\/elshan.az\/en\/wp-json\/wp\/v2\/product\/30114","targetHints":{"allow":["GET"]}}],"collection":[{"href":"https:\/\/elshan.az\/en\/wp-json\/wp\/v2\/product"}],"about":[{"href":"https:\/\/elshan.az\/en\/wp-json\/wp\/v2\/types\/product"}],"replies":[{"embeddable":true,"href":"https:\/\/elshan.az\/en\/wp-json\/wp\/v2\/comments?post=30114"}],"version-history":[{"count":2,"href":"https:\/\/elshan.az\/en\/wp-json\/wp\/v2\/product\/30114\/revisions"}],"predecessor-version":[{"id":31320,"href":"https:\/\/elshan.az\/en\/wp-json\/wp\/v2\/product\/30114\/revisions\/31320"}],"wp:featuredmedia":[{"embeddable":true,"href":"https:\/\/elshan.az\/en\/wp-json\/wp\/v2\/media\/30636"}],"wp:attachment":[{"href":"https:\/\/elshan.az\/en\/wp-json\/wp\/v2\/media?parent=30114"}],"wp:term":[{"taxonomy":"product_brand","embeddable":true,"href":"https:\/\/elshan.az\/en\/wp-json\/wp\/v2\/product_brand?post=30114"},{"taxonomy":"product_cat","embeddable":true,"href":"https:\/\/elshan.az\/en\/wp-json\/wp\/v2\/product_cat?post=30114"},{"taxonomy":"product_tag","embeddable":true,"href":"https:\/\/elshan.az\/en\/wp-json\/wp\/v2\/product_tag?post=30114"}],"curies":[{"name":"wp","href":"https:\/\/api.w.org\/{rel}","templated":true}]}}