{"id":30110,"date":"2026-04-24T17:37:26","date_gmt":"2026-04-24T17:37:26","guid":{"rendered":"https:\/\/elshan.az\/?post_type=product&#038;p=30110"},"modified":"2026-05-05T20:49:32","modified_gmt":"2026-05-05T20:49:32","slug":"dietik-kurabiy%c9%99","status":"publish","type":"product","link":"https:\/\/elshan.az\/en\/product\/dietik-kurabiy%c9%99\/","title":{"rendered":"Dietik kurabiy\u0259"},"content":{"rendered":"","protected":false},"excerpt":{"rendered":"<p>Sa\u011flam h\u0259yat t\u0259rzin\u0259 uy\u011fun, y\u00fcng\u00fcl v\u0259 \u015f\u0259k\u0259rsiz haz\u0131rlanm\u0131\u015f dietik \u015firniyyatlar.<\/p>","protected":false},"featured_media":0,"comment_status":"closed","ping_status":"closed","template":"","meta":[],"product_brand":[],"product_cat":[89],"product_tag":[],"class_list":{"0":"post-30110","1":"product","2":"type-product","3":"status-publish","5":"product_cat-dietik","7":"first","8":"instock","9":"virtual","10":"product-type-simple"},"_links":{"self":[{"href":"https:\/\/elshan.az\/en\/wp-json\/wp\/v2\/product\/30110","targetHints":{"allow":["GET"]}}],"collection":[{"href":"https:\/\/elshan.az\/en\/wp-json\/wp\/v2\/product"}],"about":[{"href":"https:\/\/elshan.az\/en\/wp-json\/wp\/v2\/types\/product"}],"replies":[{"embeddable":true,"href":"https:\/\/elshan.az\/en\/wp-json\/wp\/v2\/comments?post=30110"}],"version-history":[{"count":2,"href":"https:\/\/elshan.az\/en\/wp-json\/wp\/v2\/product\/30110\/revisions"}],"predecessor-version":[{"id":31316,"href":"https:\/\/elshan.az\/en\/wp-json\/wp\/v2\/product\/30110\/revisions\/31316"}],"wp:attachment":[{"href":"https:\/\/elshan.az\/en\/wp-json\/wp\/v2\/media?parent=30110"}],"wp:term":[{"taxonomy":"product_brand","embeddable":true,"href":"https:\/\/elshan.az\/en\/wp-json\/wp\/v2\/product_brand?post=30110"},{"taxonomy":"product_cat","embeddable":true,"href":"https:\/\/elshan.az\/en\/wp-json\/wp\/v2\/product_cat?post=30110"},{"taxonomy":"product_tag","embeddable":true,"href":"https:\/\/elshan.az\/en\/wp-json\/wp\/v2\/product_tag?post=30110"}],"curies":[{"name":"wp","href":"https:\/\/api.w.org\/{rel}","templated":true}]}}