{"id":30103,"date":"2026-04-24T17:37:26","date_gmt":"2026-04-24T17:37:26","guid":{"rendered":"https:\/\/elshan.az\/?post_type=product&#038;p=30103"},"modified":"2026-05-05T20:49:31","modified_gmt":"2026-05-05T20:49:31","slug":"keks-c%c9%99ki-il%c9%99","status":"publish","type":"product","link":"https:\/\/elshan.az\/en\/product\/keks-c%c9%99ki-il%c9%99\/","title":{"rendered":"Keks (\u00e7\u0259ki il\u0259)"},"content":{"rendered":"","protected":false},"excerpt":{"rendered":"<p>Yum\u015faql\u0131\u011f\u0131 v\u0259 z\u0259ngin dad\u0131 il\u0259 haz\u0131rlanm\u0131\u015f keksl\u0259rimiz \u00e7ay s\u00fcfr\u0259sinin ideal se\u00e7imidir<\/p>","protected":false},"featured_media":0,"comment_status":"closed","ping_status":"closed","template":"","meta":[],"product_brand":[],"product_cat":[90],"product_tag":[],"class_list":{"0":"post-30103","1":"product","2":"type-product","3":"status-publish","5":"product_cat-keks","7":"first","8":"instock","9":"virtual","10":"product-type-simple"},"_links":{"self":[{"href":"https:\/\/elshan.az\/en\/wp-json\/wp\/v2\/product\/30103","targetHints":{"allow":["GET"]}}],"collection":[{"href":"https:\/\/elshan.az\/en\/wp-json\/wp\/v2\/product"}],"about":[{"href":"https:\/\/elshan.az\/en\/wp-json\/wp\/v2\/types\/product"}],"replies":[{"embeddable":true,"href":"https:\/\/elshan.az\/en\/wp-json\/wp\/v2\/comments?post=30103"}],"version-history":[{"count":2,"href":"https:\/\/elshan.az\/en\/wp-json\/wp\/v2\/product\/30103\/revisions"}],"predecessor-version":[{"id":31309,"href":"https:\/\/elshan.az\/en\/wp-json\/wp\/v2\/product\/30103\/revisions\/31309"}],"wp:attachment":[{"href":"https:\/\/elshan.az\/en\/wp-json\/wp\/v2\/media?parent=30103"}],"wp:term":[{"taxonomy":"product_brand","embeddable":true,"href":"https:\/\/elshan.az\/en\/wp-json\/wp\/v2\/product_brand?post=30103"},{"taxonomy":"product_cat","embeddable":true,"href":"https:\/\/elshan.az\/en\/wp-json\/wp\/v2\/product_cat?post=30103"},{"taxonomy":"product_tag","embeddable":true,"href":"https:\/\/elshan.az\/en\/wp-json\/wp\/v2\/product_tag?post=30103"}],"curies":[{"name":"wp","href":"https:\/\/api.w.org\/{rel}","templated":true}]}}