{"id":30100,"date":"2026-04-24T17:37:26","date_gmt":"2026-04-24T17:37:26","guid":{"rendered":"https:\/\/elshan.az\/?post_type=product&#038;p=30100"},"modified":"2026-05-05T20:49:30","modified_gmt":"2026-05-05T20:49:30","slug":"aglayan-pasta-2","status":"publish","type":"product","link":"https:\/\/elshan.az\/en\/product\/aglayan-pasta-2\/","title":{"rendered":"A\u011flayan pasta"},"content":{"rendered":"","protected":false},"excerpt":{"rendered":"<p>Yum\u015faql\u0131\u011f\u0131 v\u0259 z\u0259ngin dad\u0131 il\u0259 haz\u0131rlanm\u0131\u015f keksl\u0259rimiz \u00e7ay s\u00fcfr\u0259sinin ideal se\u00e7imidir<\/p>","protected":false},"featured_media":0,"comment_status":"closed","ping_status":"closed","template":"","meta":[],"product_brand":[],"product_cat":[90],"product_tag":[],"class_list":{"0":"post-30100","1":"product","2":"type-product","3":"status-publish","5":"product_cat-keks","7":"first","8":"instock","9":"virtual","10":"product-type-simple"},"_links":{"self":[{"href":"https:\/\/elshan.az\/en\/wp-json\/wp\/v2\/product\/30100","targetHints":{"allow":["GET"]}}],"collection":[{"href":"https:\/\/elshan.az\/en\/wp-json\/wp\/v2\/product"}],"about":[{"href":"https:\/\/elshan.az\/en\/wp-json\/wp\/v2\/types\/product"}],"replies":[{"embeddable":true,"href":"https:\/\/elshan.az\/en\/wp-json\/wp\/v2\/comments?post=30100"}],"version-history":[{"count":2,"href":"https:\/\/elshan.az\/en\/wp-json\/wp\/v2\/product\/30100\/revisions"}],"predecessor-version":[{"id":31306,"href":"https:\/\/elshan.az\/en\/wp-json\/wp\/v2\/product\/30100\/revisions\/31306"}],"wp:attachment":[{"href":"https:\/\/elshan.az\/en\/wp-json\/wp\/v2\/media?parent=30100"}],"wp:term":[{"taxonomy":"product_brand","embeddable":true,"href":"https:\/\/elshan.az\/en\/wp-json\/wp\/v2\/product_brand?post=30100"},{"taxonomy":"product_cat","embeddable":true,"href":"https:\/\/elshan.az\/en\/wp-json\/wp\/v2\/product_cat?post=30100"},{"taxonomy":"product_tag","embeddable":true,"href":"https:\/\/elshan.az\/en\/wp-json\/wp\/v2\/product_tag?post=30100"}],"curies":[{"name":"wp","href":"https:\/\/api.w.org\/{rel}","templated":true}]}}