{"id":30098,"date":"2026-04-24T17:37:26","date_gmt":"2026-04-24T17:37:26","guid":{"rendered":"https:\/\/elshan.az\/?post_type=product&#038;p=30098"},"modified":"2026-05-05T20:49:30","modified_gmt":"2026-05-05T20:49:30","slug":"sendvic","status":"publish","type":"product","link":"https:\/\/elshan.az\/en\/product\/sendvic\/","title":{"rendered":"Sendvi\u00e7"},"content":{"rendered":"","protected":false},"excerpt":{"rendered":"<p>S\u00fcr\u0259tli, dadl\u0131 v\u0259 doyumlu fast food m\u0259hsullar\u0131 h\u0259r an \u00fc\u00e7\u00fcn haz\u0131rd\u0131r.<\/p>","protected":false},"featured_media":30921,"comment_status":"closed","ping_status":"closed","template":"","meta":[],"product_brand":[],"product_cat":[99],"product_tag":[],"class_list":{"0":"post-30098","1":"product","2":"type-product","3":"status-publish","4":"has-post-thumbnail","6":"product_cat-fast-food-2","8":"first","9":"instock","10":"virtual","11":"product-type-simple"},"_links":{"self":[{"href":"https:\/\/elshan.az\/en\/wp-json\/wp\/v2\/product\/30098","targetHints":{"allow":["GET"]}}],"collection":[{"href":"https:\/\/elshan.az\/en\/wp-json\/wp\/v2\/product"}],"about":[{"href":"https:\/\/elshan.az\/en\/wp-json\/wp\/v2\/types\/product"}],"replies":[{"embeddable":true,"href":"https:\/\/elshan.az\/en\/wp-json\/wp\/v2\/comments?post=30098"}],"version-history":[{"count":2,"href":"https:\/\/elshan.az\/en\/wp-json\/wp\/v2\/product\/30098\/revisions"}],"predecessor-version":[{"id":31304,"href":"https:\/\/elshan.az\/en\/wp-json\/wp\/v2\/product\/30098\/revisions\/31304"}],"wp:featuredmedia":[{"embeddable":true,"href":"https:\/\/elshan.az\/en\/wp-json\/wp\/v2\/media\/30921"}],"wp:attachment":[{"href":"https:\/\/elshan.az\/en\/wp-json\/wp\/v2\/media?parent=30098"}],"wp:term":[{"taxonomy":"product_brand","embeddable":true,"href":"https:\/\/elshan.az\/en\/wp-json\/wp\/v2\/product_brand?post=30098"},{"taxonomy":"product_cat","embeddable":true,"href":"https:\/\/elshan.az\/en\/wp-json\/wp\/v2\/product_cat?post=30098"},{"taxonomy":"product_tag","embeddable":true,"href":"https:\/\/elshan.az\/en\/wp-json\/wp\/v2\/product_tag?post=30098"}],"curies":[{"name":"wp","href":"https:\/\/api.w.org\/{rel}","templated":true}]}}