{"id":30066,"date":"2026-04-24T17:37:21","date_gmt":"2026-04-24T17:37:21","guid":{"rendered":"https:\/\/elshan.az\/?post_type=product&#038;p=30066"},"modified":"2026-05-05T20:49:30","modified_gmt":"2026-05-05T20:49:30","slug":"k%c9%99smikli-bor%c9%99k","status":"publish","type":"product","link":"https:\/\/elshan.az\/en\/product\/k%c9%99smikli-bor%c9%99k\/","title":{"rendered":"K\u0259smikli b\u00f6r\u0259k"},"content":{"rendered":"","protected":false},"excerpt":{"rendered":"<p>S\u00fcr\u0259tli, dadl\u0131 v\u0259 doyumlu fast food m\u0259hsullar\u0131 h\u0259r an \u00fc\u00e7\u00fcn haz\u0131rd\u0131r.<\/p>","protected":false},"featured_media":0,"comment_status":"closed","ping_status":"closed","template":"","meta":[],"product_brand":[],"product_cat":[99],"product_tag":[],"class_list":{"0":"post-30066","1":"product","2":"type-product","3":"status-publish","5":"product_cat-fast-food-2","7":"first","8":"instock","9":"virtual","10":"product-type-simple"},"_links":{"self":[{"href":"https:\/\/elshan.az\/en\/wp-json\/wp\/v2\/product\/30066","targetHints":{"allow":["GET"]}}],"collection":[{"href":"https:\/\/elshan.az\/en\/wp-json\/wp\/v2\/product"}],"about":[{"href":"https:\/\/elshan.az\/en\/wp-json\/wp\/v2\/types\/product"}],"replies":[{"embeddable":true,"href":"https:\/\/elshan.az\/en\/wp-json\/wp\/v2\/comments?post=30066"}],"version-history":[{"count":2,"href":"https:\/\/elshan.az\/en\/wp-json\/wp\/v2\/product\/30066\/revisions"}],"predecessor-version":[{"id":31302,"href":"https:\/\/elshan.az\/en\/wp-json\/wp\/v2\/product\/30066\/revisions\/31302"}],"wp:attachment":[{"href":"https:\/\/elshan.az\/en\/wp-json\/wp\/v2\/media?parent=30066"}],"wp:term":[{"taxonomy":"product_brand","embeddable":true,"href":"https:\/\/elshan.az\/en\/wp-json\/wp\/v2\/product_brand?post=30066"},{"taxonomy":"product_cat","embeddable":true,"href":"https:\/\/elshan.az\/en\/wp-json\/wp\/v2\/product_cat?post=30066"},{"taxonomy":"product_tag","embeddable":true,"href":"https:\/\/elshan.az\/en\/wp-json\/wp\/v2\/product_tag?post=30066"}],"curies":[{"name":"wp","href":"https:\/\/api.w.org\/{rel}","templated":true}]}}