{"id":30063,"date":"2026-04-24T17:37:21","date_gmt":"2026-04-24T17:37:21","guid":{"rendered":"https:\/\/elshan.az\/?post_type=product&#038;p=30063"},"modified":"2026-05-05T20:49:30","modified_gmt":"2026-05-05T20:49:30","slug":"qarisqa-yuvasi-qozlu","status":"publish","type":"product","link":"https:\/\/elshan.az\/en\/product\/qarisqa-yuvasi-qozlu\/","title":{"rendered":"Qar\u0131\u015fqa yuvas\u0131 (qozlu)"},"content":{"rendered":"","protected":false},"excerpt":{"rendered":"<p>Y\u00fcks\u0259k keyfiyy\u0259tli inqrediyentl\u0259rl\u0259 haz\u0131rlanm\u0131\u015f z\u0259rif pirojna.<\/p>","protected":false},"featured_media":0,"comment_status":"closed","ping_status":"closed","template":"","meta":[],"product_brand":[],"product_cat":[98],"product_tag":[],"class_list":{"0":"post-30063","1":"product","2":"type-product","3":"status-publish","5":"product_cat-pirojna-elshan","7":"first","8":"instock","9":"virtual","10":"product-type-simple"},"_links":{"self":[{"href":"https:\/\/elshan.az\/en\/wp-json\/wp\/v2\/product\/30063","targetHints":{"allow":["GET"]}}],"collection":[{"href":"https:\/\/elshan.az\/en\/wp-json\/wp\/v2\/product"}],"about":[{"href":"https:\/\/elshan.az\/en\/wp-json\/wp\/v2\/types\/product"}],"replies":[{"embeddable":true,"href":"https:\/\/elshan.az\/en\/wp-json\/wp\/v2\/comments?post=30063"}],"version-history":[{"count":2,"href":"https:\/\/elshan.az\/en\/wp-json\/wp\/v2\/product\/30063\/revisions"}],"predecessor-version":[{"id":31299,"href":"https:\/\/elshan.az\/en\/wp-json\/wp\/v2\/product\/30063\/revisions\/31299"}],"wp:attachment":[{"href":"https:\/\/elshan.az\/en\/wp-json\/wp\/v2\/media?parent=30063"}],"wp:term":[{"taxonomy":"product_brand","embeddable":true,"href":"https:\/\/elshan.az\/en\/wp-json\/wp\/v2\/product_brand?post=30063"},{"taxonomy":"product_cat","embeddable":true,"href":"https:\/\/elshan.az\/en\/wp-json\/wp\/v2\/product_cat?post=30063"},{"taxonomy":"product_tag","embeddable":true,"href":"https:\/\/elshan.az\/en\/wp-json\/wp\/v2\/product_tag?post=30063"}],"curies":[{"name":"wp","href":"https:\/\/api.w.org\/{rel}","templated":true}]}}