{"id":30061,"date":"2026-04-24T17:37:21","date_gmt":"2026-04-24T17:37:21","guid":{"rendered":"https:\/\/elshan.az\/?post_type=product&#038;p=30061"},"modified":"2026-05-05T20:49:29","modified_gmt":"2026-05-05T20:49:29","slug":"profiterollu-pirojna","status":"publish","type":"product","link":"https:\/\/elshan.az\/en\/product\/profiterollu-pirojna\/","title":{"rendered":"Profiterollu pirojna"},"content":{"rendered":"","protected":false},"excerpt":{"rendered":"<p>Y\u00fcks\u0259k keyfiyy\u0259tli inqrediyentl\u0259rl\u0259 haz\u0131rlanm\u0131\u015f z\u0259rif pirojna.<\/p>","protected":false},"featured_media":31175,"comment_status":"closed","ping_status":"closed","template":"","meta":[],"product_brand":[],"product_cat":[98],"product_tag":[],"class_list":{"0":"post-30061","1":"product","2":"type-product","3":"status-publish","4":"has-post-thumbnail","6":"product_cat-pirojna-elshan","8":"first","9":"instock","10":"virtual","11":"product-type-simple"},"_links":{"self":[{"href":"https:\/\/elshan.az\/en\/wp-json\/wp\/v2\/product\/30061","targetHints":{"allow":["GET"]}}],"collection":[{"href":"https:\/\/elshan.az\/en\/wp-json\/wp\/v2\/product"}],"about":[{"href":"https:\/\/elshan.az\/en\/wp-json\/wp\/v2\/types\/product"}],"replies":[{"embeddable":true,"href":"https:\/\/elshan.az\/en\/wp-json\/wp\/v2\/comments?post=30061"}],"version-history":[{"count":4,"href":"https:\/\/elshan.az\/en\/wp-json\/wp\/v2\/product\/30061\/revisions"}],"predecessor-version":[{"id":31297,"href":"https:\/\/elshan.az\/en\/wp-json\/wp\/v2\/product\/30061\/revisions\/31297"}],"wp:featuredmedia":[{"embeddable":true,"href":"https:\/\/elshan.az\/en\/wp-json\/wp\/v2\/media\/31175"}],"wp:attachment":[{"href":"https:\/\/elshan.az\/en\/wp-json\/wp\/v2\/media?parent=30061"}],"wp:term":[{"taxonomy":"product_brand","embeddable":true,"href":"https:\/\/elshan.az\/en\/wp-json\/wp\/v2\/product_brand?post=30061"},{"taxonomy":"product_cat","embeddable":true,"href":"https:\/\/elshan.az\/en\/wp-json\/wp\/v2\/product_cat?post=30061"},{"taxonomy":"product_tag","embeddable":true,"href":"https:\/\/elshan.az\/en\/wp-json\/wp\/v2\/product_tag?post=30061"}],"curies":[{"name":"wp","href":"https:\/\/api.w.org\/{rel}","templated":true}]}}