{"id":30051,"date":"2026-04-24T17:37:20","date_gmt":"2026-04-24T17:37:20","guid":{"rendered":"https:\/\/elshan.az\/?post_type=product&#038;p=30051"},"modified":"2026-05-05T20:49:28","modified_gmt":"2026-05-05T20:49:28","slug":"s%c9%99k%c9%99rbura-b%c9%99z%c9%99kli","status":"publish","type":"product","link":"https:\/\/elshan.az\/en\/product\/s%c9%99k%c9%99rbura-b%c9%99z%c9%99kli\/","title":{"rendered":"\u015e\u0259k\u0259rbura b\u0259z\u0259kli"},"content":{"rendered":"","protected":false},"excerpt":{"rendered":"<p>\u018fn\u0259n\u0259vi reseptl\u0259r \u0259sas\u0131nda haz\u0131rlanm\u0131\u015f, z\u0259ngin dad\u0131 il\u0259 se\u00e7il\u0259n milli \u015firniyyatlar.<\/p>","protected":false},"featured_media":0,"comment_status":"closed","ping_status":"closed","template":"","meta":[],"product_brand":[],"product_cat":[86],"product_tag":[],"class_list":{"0":"post-30051","1":"product","2":"type-product","3":"status-publish","5":"product_cat-milli-sirniyyat","7":"first","8":"instock","9":"virtual","10":"product-type-simple"},"_links":{"self":[{"href":"https:\/\/elshan.az\/en\/wp-json\/wp\/v2\/product\/30051","targetHints":{"allow":["GET"]}}],"collection":[{"href":"https:\/\/elshan.az\/en\/wp-json\/wp\/v2\/product"}],"about":[{"href":"https:\/\/elshan.az\/en\/wp-json\/wp\/v2\/types\/product"}],"replies":[{"embeddable":true,"href":"https:\/\/elshan.az\/en\/wp-json\/wp\/v2\/comments?post=30051"}],"version-history":[{"count":2,"href":"https:\/\/elshan.az\/en\/wp-json\/wp\/v2\/product\/30051\/revisions"}],"predecessor-version":[{"id":31287,"href":"https:\/\/elshan.az\/en\/wp-json\/wp\/v2\/product\/30051\/revisions\/31287"}],"wp:attachment":[{"href":"https:\/\/elshan.az\/en\/wp-json\/wp\/v2\/media?parent=30051"}],"wp:term":[{"taxonomy":"product_brand","embeddable":true,"href":"https:\/\/elshan.az\/en\/wp-json\/wp\/v2\/product_brand?post=30051"},{"taxonomy":"product_cat","embeddable":true,"href":"https:\/\/elshan.az\/en\/wp-json\/wp\/v2\/product_cat?post=30051"},{"taxonomy":"product_tag","embeddable":true,"href":"https:\/\/elshan.az\/en\/wp-json\/wp\/v2\/product_tag?post=30051"}],"curies":[{"name":"wp","href":"https:\/\/api.w.org\/{rel}","templated":true}]}}