{"id":30043,"date":"2026-04-24T17:37:20","date_gmt":"2026-04-24T17:37:20","guid":{"rendered":"https:\/\/elshan.az\/?post_type=product&#038;p=30043"},"modified":"2026-05-05T20:49:27","modified_gmt":"2026-05-05T20:49:27","slug":"karamelli-sokolad","status":"publish","type":"product","link":"https:\/\/elshan.az\/en\/product\/karamelli-sokolad\/","title":{"rendered":"Karamelli \u015fokolad"},"content":{"rendered":"","protected":false},"excerpt":{"rendered":"<p>Y\u00fcks\u0259k keyfiyy\u0259tli kakaodan haz\u0131rlanm\u0131\u015f, z\u0259ngin v\u0259 balansl\u0131 dad t\u0259qdim ed\u0259n \u015fokolad.<\/p>","protected":false},"featured_media":0,"comment_status":"closed","ping_status":"closed","template":"","meta":[],"product_brand":[],"product_cat":[85],"product_tag":[],"class_list":{"0":"post-30043","1":"product","2":"type-product","3":"status-publish","5":"product_cat-sokolad","7":"first","8":"instock","9":"virtual","10":"product-type-simple"},"_links":{"self":[{"href":"https:\/\/elshan.az\/en\/wp-json\/wp\/v2\/product\/30043","targetHints":{"allow":["GET"]}}],"collection":[{"href":"https:\/\/elshan.az\/en\/wp-json\/wp\/v2\/product"}],"about":[{"href":"https:\/\/elshan.az\/en\/wp-json\/wp\/v2\/types\/product"}],"replies":[{"embeddable":true,"href":"https:\/\/elshan.az\/en\/wp-json\/wp\/v2\/comments?post=30043"}],"version-history":[{"count":2,"href":"https:\/\/elshan.az\/en\/wp-json\/wp\/v2\/product\/30043\/revisions"}],"predecessor-version":[{"id":31279,"href":"https:\/\/elshan.az\/en\/wp-json\/wp\/v2\/product\/30043\/revisions\/31279"}],"wp:attachment":[{"href":"https:\/\/elshan.az\/en\/wp-json\/wp\/v2\/media?parent=30043"}],"wp:term":[{"taxonomy":"product_brand","embeddable":true,"href":"https:\/\/elshan.az\/en\/wp-json\/wp\/v2\/product_brand?post=30043"},{"taxonomy":"product_cat","embeddable":true,"href":"https:\/\/elshan.az\/en\/wp-json\/wp\/v2\/product_cat?post=30043"},{"taxonomy":"product_tag","embeddable":true,"href":"https:\/\/elshan.az\/en\/wp-json\/wp\/v2\/product_tag?post=30043"}],"curies":[{"name":"wp","href":"https:\/\/api.w.org\/{rel}","templated":true}]}}