{"id":30042,"date":"2026-04-24T17:37:20","date_gmt":"2026-04-24T17:37:20","guid":{"rendered":"https:\/\/elshan.az\/?post_type=product&#038;p=30042"},"modified":"2026-05-05T20:49:26","modified_gmt":"2026-05-05T20:49:26","slug":"dubai-pletka","status":"publish","type":"product","link":"https:\/\/elshan.az\/en\/product\/dubai-pletka\/","title":{"rendered":"Dubai pletka"},"content":{"rendered":"","protected":false},"excerpt":{"rendered":"<p>Y\u00fcks\u0259k keyfiyy\u0259tli kakaodan haz\u0131rlanm\u0131\u015f, z\u0259ngin v\u0259 balansl\u0131 dad t\u0259qdim ed\u0259n \u015fokolad.<\/p>","protected":false},"featured_media":0,"comment_status":"closed","ping_status":"closed","template":"","meta":[],"product_brand":[],"product_cat":[85],"product_tag":[],"class_list":{"0":"post-30042","1":"product","2":"type-product","3":"status-publish","5":"product_cat-sokolad","7":"first","8":"instock","9":"virtual","10":"product-type-simple"},"_links":{"self":[{"href":"https:\/\/elshan.az\/en\/wp-json\/wp\/v2\/product\/30042","targetHints":{"allow":["GET"]}}],"collection":[{"href":"https:\/\/elshan.az\/en\/wp-json\/wp\/v2\/product"}],"about":[{"href":"https:\/\/elshan.az\/en\/wp-json\/wp\/v2\/types\/product"}],"replies":[{"embeddable":true,"href":"https:\/\/elshan.az\/en\/wp-json\/wp\/v2\/comments?post=30042"}],"version-history":[{"count":2,"href":"https:\/\/elshan.az\/en\/wp-json\/wp\/v2\/product\/30042\/revisions"}],"predecessor-version":[{"id":31278,"href":"https:\/\/elshan.az\/en\/wp-json\/wp\/v2\/product\/30042\/revisions\/31278"}],"wp:attachment":[{"href":"https:\/\/elshan.az\/en\/wp-json\/wp\/v2\/media?parent=30042"}],"wp:term":[{"taxonomy":"product_brand","embeddable":true,"href":"https:\/\/elshan.az\/en\/wp-json\/wp\/v2\/product_brand?post=30042"},{"taxonomy":"product_cat","embeddable":true,"href":"https:\/\/elshan.az\/en\/wp-json\/wp\/v2\/product_cat?post=30042"},{"taxonomy":"product_tag","embeddable":true,"href":"https:\/\/elshan.az\/en\/wp-json\/wp\/v2\/product_tag?post=30042"}],"curies":[{"name":"wp","href":"https:\/\/api.w.org\/{rel}","templated":true}]}}