{"id":30005,"date":"2026-04-24T17:37:15","date_gmt":"2026-04-24T17:37:15","guid":{"rendered":"https:\/\/elshan.az\/?post_type=product&#038;p=30005"},"modified":"2026-05-05T20:49:26","modified_gmt":"2026-05-05T20:49:26","slug":"pudinq","status":"publish","type":"product","link":"https:\/\/elshan.az\/en\/product\/pudinq\/","title":{"rendered":"Pudinq"},"content":{"rendered":"","protected":false},"excerpt":{"rendered":"<p>Z\u0259rif dad\u0131 v\u0259 t\u0259z\u0259 inqrediyentl\u0259ri il\u0259 haz\u0131rlanm\u0131\u015f \u0259l i\u015fi desertl\u0259rimiz sizi valeh ed\u0259c\u0259k.<\/p>","protected":false},"featured_media":30442,"comment_status":"closed","ping_status":"closed","template":"","meta":[],"product_brand":[],"product_cat":[84],"product_tag":[],"class_list":{"0":"post-30005","1":"product","2":"type-product","3":"status-publish","4":"has-post-thumbnail","6":"product_cat-desert","8":"first","9":"instock","10":"virtual","11":"product-type-simple"},"_links":{"self":[{"href":"https:\/\/elshan.az\/en\/wp-json\/wp\/v2\/product\/30005","targetHints":{"allow":["GET"]}}],"collection":[{"href":"https:\/\/elshan.az\/en\/wp-json\/wp\/v2\/product"}],"about":[{"href":"https:\/\/elshan.az\/en\/wp-json\/wp\/v2\/types\/product"}],"replies":[{"embeddable":true,"href":"https:\/\/elshan.az\/en\/wp-json\/wp\/v2\/comments?post=30005"}],"version-history":[{"count":3,"href":"https:\/\/elshan.az\/en\/wp-json\/wp\/v2\/product\/30005\/revisions"}],"predecessor-version":[{"id":31271,"href":"https:\/\/elshan.az\/en\/wp-json\/wp\/v2\/product\/30005\/revisions\/31271"}],"wp:featuredmedia":[{"embeddable":true,"href":"https:\/\/elshan.az\/en\/wp-json\/wp\/v2\/media\/30442"}],"wp:attachment":[{"href":"https:\/\/elshan.az\/en\/wp-json\/wp\/v2\/media?parent=30005"}],"wp:term":[{"taxonomy":"product_brand","embeddable":true,"href":"https:\/\/elshan.az\/en\/wp-json\/wp\/v2\/product_brand?post=30005"},{"taxonomy":"product_cat","embeddable":true,"href":"https:\/\/elshan.az\/en\/wp-json\/wp\/v2\/product_cat?post=30005"},{"taxonomy":"product_tag","embeddable":true,"href":"https:\/\/elshan.az\/en\/wp-json\/wp\/v2\/product_tag?post=30005"}],"curies":[{"name":"wp","href":"https:\/\/api.w.org\/{rel}","templated":true}]}}