{"id":29998,"date":"2026-04-24T17:37:15","date_gmt":"2026-04-24T17:37:15","guid":{"rendered":"https:\/\/elshan.az\/?post_type=product&#038;p=29998"},"modified":"2026-05-05T20:49:24","modified_gmt":"2026-05-05T20:49:24","slug":"beze-pavlova","status":"publish","type":"product","link":"https:\/\/elshan.az\/en\/product\/beze-pavlova\/","title":{"rendered":"Beze pavlova"},"content":{"rendered":"","protected":false},"excerpt":{"rendered":"<p>Z\u0259rif dad\u0131 v\u0259 t\u0259z\u0259 inqrediyentl\u0259ri il\u0259 haz\u0131rlanm\u0131\u015f \u0259l i\u015fi desertl\u0259rimiz sizi valeh ed\u0259c\u0259k.<\/p>","protected":false},"featured_media":0,"comment_status":"closed","ping_status":"closed","template":"","meta":[],"product_brand":[],"product_cat":[84],"product_tag":[],"class_list":{"0":"post-29998","1":"product","2":"type-product","3":"status-publish","5":"product_cat-desert","7":"first","8":"instock","9":"virtual","10":"product-type-simple"},"_links":{"self":[{"href":"https:\/\/elshan.az\/en\/wp-json\/wp\/v2\/product\/29998","targetHints":{"allow":["GET"]}}],"collection":[{"href":"https:\/\/elshan.az\/en\/wp-json\/wp\/v2\/product"}],"about":[{"href":"https:\/\/elshan.az\/en\/wp-json\/wp\/v2\/types\/product"}],"replies":[{"embeddable":true,"href":"https:\/\/elshan.az\/en\/wp-json\/wp\/v2\/comments?post=29998"}],"version-history":[{"count":2,"href":"https:\/\/elshan.az\/en\/wp-json\/wp\/v2\/product\/29998\/revisions"}],"predecessor-version":[{"id":31264,"href":"https:\/\/elshan.az\/en\/wp-json\/wp\/v2\/product\/29998\/revisions\/31264"}],"wp:attachment":[{"href":"https:\/\/elshan.az\/en\/wp-json\/wp\/v2\/media?parent=29998"}],"wp:term":[{"taxonomy":"product_brand","embeddable":true,"href":"https:\/\/elshan.az\/en\/wp-json\/wp\/v2\/product_brand?post=29998"},{"taxonomy":"product_cat","embeddable":true,"href":"https:\/\/elshan.az\/en\/wp-json\/wp\/v2\/product_cat?post=29998"},{"taxonomy":"product_tag","embeddable":true,"href":"https:\/\/elshan.az\/en\/wp-json\/wp\/v2\/product_tag?post=29998"}],"curies":[{"name":"wp","href":"https:\/\/api.w.org\/{rel}","templated":true}]}}