{"id":29947,"date":"2026-04-24T17:37:09","date_gmt":"2026-04-24T17:37:09","guid":{"rendered":"https:\/\/elshan.az\/?post_type=product&#038;p=29947"},"modified":"2026-05-05T20:49:21","modified_gmt":"2026-05-05T20:49:21","slug":"bulku","status":"publish","type":"product","link":"https:\/\/elshan.az\/en\/product\/bulku\/","title":{"rendered":"Bulku"},"content":{"rendered":"","protected":false},"excerpt":{"rendered":"<p>G\u00fcnd\u0259lik t\u0259z\u0259 bi\u015firil\u0259n, keyfiyy\u0259tli inqrediyentl\u0259rl\u0259 haz\u0131rlanm\u0131\u015f mayal\u0131 m\u0259hsullar.<\/p>","protected":false},"featured_media":0,"comment_status":"closed","ping_status":"closed","template":"","meta":[],"product_brand":[],"product_cat":[83],"product_tag":[],"class_list":{"0":"post-29947","1":"product","2":"type-product","3":"status-publish","5":"product_cat-mayali-mhsul","7":"first","8":"instock","9":"virtual","10":"product-type-simple"},"_links":{"self":[{"href":"https:\/\/elshan.az\/en\/wp-json\/wp\/v2\/product\/29947","targetHints":{"allow":["GET"]}}],"collection":[{"href":"https:\/\/elshan.az\/en\/wp-json\/wp\/v2\/product"}],"about":[{"href":"https:\/\/elshan.az\/en\/wp-json\/wp\/v2\/types\/product"}],"replies":[{"embeddable":true,"href":"https:\/\/elshan.az\/en\/wp-json\/wp\/v2\/comments?post=29947"}],"version-history":[{"count":2,"href":"https:\/\/elshan.az\/en\/wp-json\/wp\/v2\/product\/29947\/revisions"}],"predecessor-version":[{"id":31241,"href":"https:\/\/elshan.az\/en\/wp-json\/wp\/v2\/product\/29947\/revisions\/31241"}],"wp:attachment":[{"href":"https:\/\/elshan.az\/en\/wp-json\/wp\/v2\/media?parent=29947"}],"wp:term":[{"taxonomy":"product_brand","embeddable":true,"href":"https:\/\/elshan.az\/en\/wp-json\/wp\/v2\/product_brand?post=29947"},{"taxonomy":"product_cat","embeddable":true,"href":"https:\/\/elshan.az\/en\/wp-json\/wp\/v2\/product_cat?post=29947"},{"taxonomy":"product_tag","embeddable":true,"href":"https:\/\/elshan.az\/en\/wp-json\/wp\/v2\/product_tag?post=29947"}],"curies":[{"name":"wp","href":"https:\/\/api.w.org\/{rel}","templated":true}]}}