{"id":29931,"date":"2026-04-24T17:37:08","date_gmt":"2026-04-24T17:37:08","guid":{"rendered":"https:\/\/elshan.az\/?post_type=product&#038;p=29931"},"modified":"2026-05-05T20:49:20","modified_gmt":"2026-05-05T20:49:20","slug":"napaleon-tortu-dilim","status":"publish","type":"product","link":"https:\/\/elshan.az\/en\/product\/napaleon-tortu-dilim\/","title":{"rendered":"Napaleon tortu &#8211; dilim"},"content":{"rendered":"","protected":false},"excerpt":{"rendered":"<p>Y\u00fcks\u0259k keyfiyy\u0259tli inqrediyentl\u0259rl\u0259 haz\u0131rlanm\u0131\u015f, z\u0259rif tort.<\/p>","protected":false},"featured_media":30466,"comment_status":"closed","ping_status":"closed","template":"","meta":[],"product_brand":[],"product_cat":[82],"product_tag":[],"class_list":{"0":"post-29931","1":"product","2":"type-product","3":"status-publish","4":"has-post-thumbnail","6":"product_cat-tort","8":"first","9":"instock","10":"virtual","11":"product-type-simple"},"_links":{"self":[{"href":"https:\/\/elshan.az\/en\/wp-json\/wp\/v2\/product\/29931","targetHints":{"allow":["GET"]}}],"collection":[{"href":"https:\/\/elshan.az\/en\/wp-json\/wp\/v2\/product"}],"about":[{"href":"https:\/\/elshan.az\/en\/wp-json\/wp\/v2\/types\/product"}],"replies":[{"embeddable":true,"href":"https:\/\/elshan.az\/en\/wp-json\/wp\/v2\/comments?post=29931"}],"version-history":[{"count":2,"href":"https:\/\/elshan.az\/en\/wp-json\/wp\/v2\/product\/29931\/revisions"}],"predecessor-version":[{"id":31227,"href":"https:\/\/elshan.az\/en\/wp-json\/wp\/v2\/product\/29931\/revisions\/31227"}],"wp:featuredmedia":[{"embeddable":true,"href":"https:\/\/elshan.az\/en\/wp-json\/wp\/v2\/media\/30466"}],"wp:attachment":[{"href":"https:\/\/elshan.az\/en\/wp-json\/wp\/v2\/media?parent=29931"}],"wp:term":[{"taxonomy":"product_brand","embeddable":true,"href":"https:\/\/elshan.az\/en\/wp-json\/wp\/v2\/product_brand?post=29931"},{"taxonomy":"product_cat","embeddable":true,"href":"https:\/\/elshan.az\/en\/wp-json\/wp\/v2\/product_cat?post=29931"},{"taxonomy":"product_tag","embeddable":true,"href":"https:\/\/elshan.az\/en\/wp-json\/wp\/v2\/product_tag?post=29931"}],"curies":[{"name":"wp","href":"https:\/\/api.w.org\/{rel}","templated":true}]}}