{"id":29879,"date":"2026-04-24T17:37:01","date_gmt":"2026-04-24T17:37:01","guid":{"rendered":"https:\/\/elshan.az\/?post_type=product&#038;p=29879"},"modified":"2026-05-05T20:49:16","modified_gmt":"2026-05-05T20:49:16","slug":"maqnoliya-puding","status":"publish","type":"product","link":"https:\/\/elshan.az\/en\/product\/maqnoliya-puding\/","title":{"rendered":"Maqnoliya Puding"},"content":{"rendered":"","protected":false},"excerpt":{"rendered":"<p>Z\u0259rif dad\u0131 v\u0259 t\u0259z\u0259 inqrediyentl\u0259ri il\u0259 haz\u0131rlanm\u0131\u015f \u0259l i\u015fi desertl\u0259rimiz sizi valeh ed\u0259c\u0259k.<\/p>","protected":false},"featured_media":29054,"comment_status":"closed","ping_status":"closed","template":"","meta":[],"product_brand":[],"product_cat":[84],"product_tag":[],"class_list":{"0":"post-29879","1":"product","2":"type-product","3":"status-publish","4":"has-post-thumbnail","6":"product_cat-desert","8":"first","9":"instock","10":"virtual","11":"product-type-simple"},"_links":{"self":[{"href":"https:\/\/elshan.az\/en\/wp-json\/wp\/v2\/product\/29879","targetHints":{"allow":["GET"]}}],"collection":[{"href":"https:\/\/elshan.az\/en\/wp-json\/wp\/v2\/product"}],"about":[{"href":"https:\/\/elshan.az\/en\/wp-json\/wp\/v2\/types\/product"}],"replies":[{"embeddable":true,"href":"https:\/\/elshan.az\/en\/wp-json\/wp\/v2\/comments?post=29879"}],"version-history":[{"count":2,"href":"https:\/\/elshan.az\/en\/wp-json\/wp\/v2\/product\/29879\/revisions"}],"predecessor-version":[{"id":31204,"href":"https:\/\/elshan.az\/en\/wp-json\/wp\/v2\/product\/29879\/revisions\/31204"}],"wp:featuredmedia":[{"embeddable":true,"href":"https:\/\/elshan.az\/en\/wp-json\/wp\/v2\/media\/29054"}],"wp:attachment":[{"href":"https:\/\/elshan.az\/en\/wp-json\/wp\/v2\/media?parent=29879"}],"wp:term":[{"taxonomy":"product_brand","embeddable":true,"href":"https:\/\/elshan.az\/en\/wp-json\/wp\/v2\/product_brand?post=29879"},{"taxonomy":"product_cat","embeddable":true,"href":"https:\/\/elshan.az\/en\/wp-json\/wp\/v2\/product_cat?post=29879"},{"taxonomy":"product_tag","embeddable":true,"href":"https:\/\/elshan.az\/en\/wp-json\/wp\/v2\/product_tag?post=29879"}],"curies":[{"name":"wp","href":"https:\/\/api.w.org\/{rel}","templated":true}]}}