{"id":29878,"date":"2026-04-24T17:37:01","date_gmt":"2026-04-24T17:37:01","guid":{"rendered":"https:\/\/elshan.az\/?post_type=product&#038;p=29878"},"modified":"2026-05-05T20:49:15","modified_gmt":"2026-05-05T20:49:15","slug":"soyuq-turk-paxlava","status":"publish","type":"product","link":"https:\/\/elshan.az\/en\/product\/soyuq-turk-paxlava\/","title":{"rendered":"Soyuq t\u00fcrk paxlava"},"content":{"rendered":"","protected":false},"excerpt":{"rendered":"<p>\u018fn\u0259n\u0259vi reseptl\u0259r \u0259sas\u0131nda haz\u0131rlanm\u0131\u015f, z\u0259ngin dad\u0131 il\u0259 se\u00e7il\u0259n milli \u015firniyyatlar.<\/p>","protected":false},"featured_media":29054,"comment_status":"closed","ping_status":"closed","template":"","meta":[],"product_brand":[],"product_cat":[86],"product_tag":[],"class_list":{"0":"post-29878","1":"product","2":"type-product","3":"status-publish","4":"has-post-thumbnail","6":"product_cat-milli-sirniyyat","8":"first","9":"instock","10":"virtual","11":"product-type-simple"},"_links":{"self":[{"href":"https:\/\/elshan.az\/en\/wp-json\/wp\/v2\/product\/29878","targetHints":{"allow":["GET"]}}],"collection":[{"href":"https:\/\/elshan.az\/en\/wp-json\/wp\/v2\/product"}],"about":[{"href":"https:\/\/elshan.az\/en\/wp-json\/wp\/v2\/types\/product"}],"replies":[{"embeddable":true,"href":"https:\/\/elshan.az\/en\/wp-json\/wp\/v2\/comments?post=29878"}],"version-history":[{"count":2,"href":"https:\/\/elshan.az\/en\/wp-json\/wp\/v2\/product\/29878\/revisions"}],"predecessor-version":[{"id":31203,"href":"https:\/\/elshan.az\/en\/wp-json\/wp\/v2\/product\/29878\/revisions\/31203"}],"wp:featuredmedia":[{"embeddable":true,"href":"https:\/\/elshan.az\/en\/wp-json\/wp\/v2\/media\/29054"}],"wp:attachment":[{"href":"https:\/\/elshan.az\/en\/wp-json\/wp\/v2\/media?parent=29878"}],"wp:term":[{"taxonomy":"product_brand","embeddable":true,"href":"https:\/\/elshan.az\/en\/wp-json\/wp\/v2\/product_brand?post=29878"},{"taxonomy":"product_cat","embeddable":true,"href":"https:\/\/elshan.az\/en\/wp-json\/wp\/v2\/product_cat?post=29878"},{"taxonomy":"product_tag","embeddable":true,"href":"https:\/\/elshan.az\/en\/wp-json\/wp\/v2\/product_tag?post=29878"}],"curies":[{"name":"wp","href":"https:\/\/api.w.org\/{rel}","templated":true}]}}