{"id":29874,"date":"2026-04-24T17:37:01","date_gmt":"2026-04-24T17:37:01","guid":{"rendered":"https:\/\/elshan.az\/?post_type=product&#038;p=29874"},"modified":"2026-05-05T20:49:15","modified_gmt":"2026-05-05T20:49:15","slug":"karamelli-turbusqa","status":"publish","type":"product","link":"https:\/\/elshan.az\/en\/product\/karamelli-turbusqa\/","title":{"rendered":"Karamelli turbu\u015fqa"},"content":{"rendered":"","protected":false},"excerpt":{"rendered":"<p>Y\u00fcks\u0259k keyfiyy\u0259tli kakaodan haz\u0131rlanm\u0131\u015f, z\u0259ngin v\u0259 balansl\u0131 dad t\u0259qdim ed\u0259n \u015fokolad.<\/p>","protected":false},"featured_media":29054,"comment_status":"closed","ping_status":"closed","template":"","meta":[],"product_brand":[],"product_cat":[85],"product_tag":[],"class_list":{"0":"post-29874","1":"product","2":"type-product","3":"status-publish","4":"has-post-thumbnail","6":"product_cat-sokolad","8":"first","9":"instock","10":"virtual","11":"product-type-simple"},"_links":{"self":[{"href":"https:\/\/elshan.az\/en\/wp-json\/wp\/v2\/product\/29874","targetHints":{"allow":["GET"]}}],"collection":[{"href":"https:\/\/elshan.az\/en\/wp-json\/wp\/v2\/product"}],"about":[{"href":"https:\/\/elshan.az\/en\/wp-json\/wp\/v2\/types\/product"}],"replies":[{"embeddable":true,"href":"https:\/\/elshan.az\/en\/wp-json\/wp\/v2\/comments?post=29874"}],"version-history":[{"count":2,"href":"https:\/\/elshan.az\/en\/wp-json\/wp\/v2\/product\/29874\/revisions"}],"predecessor-version":[{"id":31199,"href":"https:\/\/elshan.az\/en\/wp-json\/wp\/v2\/product\/29874\/revisions\/31199"}],"wp:featuredmedia":[{"embeddable":true,"href":"https:\/\/elshan.az\/en\/wp-json\/wp\/v2\/media\/29054"}],"wp:attachment":[{"href":"https:\/\/elshan.az\/en\/wp-json\/wp\/v2\/media?parent=29874"}],"wp:term":[{"taxonomy":"product_brand","embeddable":true,"href":"https:\/\/elshan.az\/en\/wp-json\/wp\/v2\/product_brand?post=29874"},{"taxonomy":"product_cat","embeddable":true,"href":"https:\/\/elshan.az\/en\/wp-json\/wp\/v2\/product_cat?post=29874"},{"taxonomy":"product_tag","embeddable":true,"href":"https:\/\/elshan.az\/en\/wp-json\/wp\/v2\/product_tag?post=29874"}],"curies":[{"name":"wp","href":"https:\/\/api.w.org\/{rel}","templated":true}]}}