{"id":29867,"date":"2026-04-24T17:37:00","date_gmt":"2026-04-24T17:37:00","guid":{"rendered":"https:\/\/elshan.az\/?post_type=product&#038;p=29867"},"modified":"2026-05-05T20:49:14","modified_gmt":"2026-05-05T20:49:14","slug":"bulka","status":"publish","type":"product","link":"https:\/\/elshan.az\/en\/product\/bulka\/","title":{"rendered":"Bulka"},"content":{"rendered":"","protected":false},"excerpt":{"rendered":"<p>G\u00fcnd\u0259lik t\u0259z\u0259 bi\u015firil\u0259n, keyfiyy\u0259tli inqrediyentl\u0259rl\u0259 haz\u0131rlanm\u0131\u015f mayal\u0131 m\u0259hsullar.<\/p>","protected":false},"featured_media":29054,"comment_status":"closed","ping_status":"closed","template":"","meta":[],"product_brand":[],"product_cat":[83],"product_tag":[],"class_list":{"0":"post-29867","1":"product","2":"type-product","3":"status-publish","4":"has-post-thumbnail","6":"product_cat-mayali-mhsul","8":"first","9":"instock","10":"virtual","11":"product-type-simple"},"_links":{"self":[{"href":"https:\/\/elshan.az\/en\/wp-json\/wp\/v2\/product\/29867","targetHints":{"allow":["GET"]}}],"collection":[{"href":"https:\/\/elshan.az\/en\/wp-json\/wp\/v2\/product"}],"about":[{"href":"https:\/\/elshan.az\/en\/wp-json\/wp\/v2\/types\/product"}],"replies":[{"embeddable":true,"href":"https:\/\/elshan.az\/en\/wp-json\/wp\/v2\/comments?post=29867"}],"version-history":[{"count":2,"href":"https:\/\/elshan.az\/en\/wp-json\/wp\/v2\/product\/29867\/revisions"}],"predecessor-version":[{"id":31193,"href":"https:\/\/elshan.az\/en\/wp-json\/wp\/v2\/product\/29867\/revisions\/31193"}],"wp:featuredmedia":[{"embeddable":true,"href":"https:\/\/elshan.az\/en\/wp-json\/wp\/v2\/media\/29054"}],"wp:attachment":[{"href":"https:\/\/elshan.az\/en\/wp-json\/wp\/v2\/media?parent=29867"}],"wp:term":[{"taxonomy":"product_brand","embeddable":true,"href":"https:\/\/elshan.az\/en\/wp-json\/wp\/v2\/product_brand?post=29867"},{"taxonomy":"product_cat","embeddable":true,"href":"https:\/\/elshan.az\/en\/wp-json\/wp\/v2\/product_cat?post=29867"},{"taxonomy":"product_tag","embeddable":true,"href":"https:\/\/elshan.az\/en\/wp-json\/wp\/v2\/product_tag?post=29867"}],"curies":[{"name":"wp","href":"https:\/\/api.w.org\/{rel}","templated":true}]}}